{"id":2886,"date":"2025-02-19T14:52:02","date_gmt":"2025-02-19T13:52:02","guid":{"rendered":"https:\/\/campingpunat.com\/kamp-pila\/camping-pila-cenik-2025\/"},"modified":"2025-12-02T15:29:19","modified_gmt":"2025-12-02T14:29:19","slug":"camping-pila-cenik","status":"publish","type":"page","link":"https:\/\/campingpunat.com\/sl\/kamp-pila\/camping-pila-cenik\/","title":{"rendered":"Camping Pila &#8211; cenik"},"content":{"rendered":"\n<figure class=\"wp-block-table\"><table class=\"has-fixed-layout mtr-table mtr-tr-td\">\n<tbody>\n<tr>\n  <td data-mtr-content=\"\u20acuro \/ Dan\" class=\"mtr-td-tag\"><div class=\"mtr-cell-content\"><strong>\u20acuro \/ Dan<\/strong><\/div><\/td>\n  <td data-mtr-content=\"17.04. \u2013 29.04.\" class=\"mtr-td-tag\"><div class=\"mtr-cell-content\"><strong>17.04. \u2013 29.04.<\/strong><\/div><\/td>\n  <td data-mtr-content=\"30.04. \u2013 14.05.04.09. \u2013 30.09.\" class=\"mtr-td-tag\"><div class=\"mtr-cell-content\"><strong>30.04. \u2013 14.05.<\/strong><br><strong>04.09. \u2013 30.09.<\/strong><\/div><\/td>\n  <td data-mtr-content=\"15.05. \u2013 21.05.28.08. \u2013 03.09.\" class=\"mtr-td-tag\"><div class=\"mtr-cell-content\"><strong>15.05. \u2013 21.05.<\/strong><br><strong>28.08. \u2013 03.09.<\/strong><\/div><\/td>\n  <td data-mtr-content=\"22.05. \u2013 09.07.16.08. \u2013 27.08.\" class=\"mtr-td-tag\"><div class=\"mtr-cell-content\"><strong>22.05. \u2013 09.07.<\/strong><br><strong>16.08. \u2013 27.08.<\/strong><\/div><\/td>\n  <td data-mtr-content=\"10.07. \u2013 15.08.\" class=\"mtr-td-tag\"><div class=\"mtr-cell-content\"><strong>10.07. \u2013 15.08.<\/strong><\/div><\/td>\n<\/tr>\n\n<tr>\n  <td data-mtr-content=\"\u20acuro \/ Dan\" class=\"mtr-td-tag\"><div class=\"mtr-cell-content\">ODRASLI<\/div><\/td>\n  <td data-mtr-content=\"17.04. \u2013 29.04.\" class=\"mtr-td-tag\"><div class=\"mtr-cell-content\">5,70 \u20ac<\/div><\/td><td data-mtr-content=\"30.04. \u2013 14.05.04.09. \u2013 30.09.\" class=\"mtr-td-tag\"><div class=\"mtr-cell-content\">7,20 \u20ac<\/div><\/td><td data-mtr-content=\"15.05. \u2013 21.05.28.08. \u2013 03.09.\" class=\"mtr-td-tag\"><div class=\"mtr-cell-content\">9,20 \u20ac<\/div><\/td><td data-mtr-content=\"22.05. \u2013 09.07.16.08. \u2013 27.08.\" class=\"mtr-td-tag\"><div class=\"mtr-cell-content\">11,50 \u20ac<\/div><\/td><td data-mtr-content=\"10.07. \u2013 15.08.\" class=\"mtr-td-tag\"><div class=\"mtr-cell-content\">11,80 \u20ac<\/div><\/td>\n<\/tr>\n\n<tr>\n  <td data-mtr-content=\"\u20acuro \/ Dan\" class=\"mtr-td-tag\"><div class=\"mtr-cell-content\">OTROCI 0 \u2013 6,99 LET<\/div><\/td>\n  <td data-mtr-content=\"17.04. \u2013 29.04.\" class=\"mtr-td-tag\"><div class=\"mtr-cell-content\">0,00 \u20ac<\/div><\/td><td data-mtr-content=\"30.04. \u2013 14.05.04.09. \u2013 30.09.\" class=\"mtr-td-tag\"><div class=\"mtr-cell-content\">0,00 \u20ac<\/div><\/td><td data-mtr-content=\"15.05. \u2013 21.05.28.08. \u2013 03.09.\" class=\"mtr-td-tag\"><div class=\"mtr-cell-content\">0,00 \u20ac<\/div><\/td><td data-mtr-content=\"22.05. \u2013 09.07.16.08. \u2013 27.08.\" class=\"mtr-td-tag\"><div class=\"mtr-cell-content\">0,00 \u20ac<\/div><\/td><td data-mtr-content=\"10.07. \u2013 15.08.\" class=\"mtr-td-tag\"><div class=\"mtr-cell-content\">0,00 \u20ac<\/div><\/td>\n<\/tr>\n\n<tr>\n  <td data-mtr-content=\"\u20acuro \/ Dan\" class=\"mtr-td-tag\"><div class=\"mtr-cell-content\">OTROCI 7 \u2013 11,99 LET<\/div><\/td>\n  <td data-mtr-content=\"17.04. \u2013 29.04.\" class=\"mtr-td-tag\"><div class=\"mtr-cell-content\">2,65 \u20ac<\/div><\/td><td data-mtr-content=\"30.04. \u2013 14.05.04.09. \u2013 30.09.\" class=\"mtr-td-tag\"><div class=\"mtr-cell-content\">3,80 \u20ac<\/div><\/td><td data-mtr-content=\"15.05. \u2013 21.05.28.08. \u2013 03.09.\" class=\"mtr-td-tag\"><div class=\"mtr-cell-content\">5,70 \u20ac<\/div><\/td><td data-mtr-content=\"22.05. \u2013 09.07.16.08. \u2013 27.08.\" class=\"mtr-td-tag\"><div class=\"mtr-cell-content\">7,00 \u20ac<\/div><\/td><td data-mtr-content=\"10.07. \u2013 15.08.\" class=\"mtr-td-tag\"><div class=\"mtr-cell-content\">7,20 \u20ac<\/div><\/td>\n<\/tr>\n\n<tr>\n  <td data-mtr-content=\"\u20acuro \/ Dan\" class=\"mtr-td-tag\"><div class=\"mtr-cell-content\">PARCELA COMFORT<\/div><\/td>\n  <td data-mtr-content=\"17.04. \u2013 29.04.\" class=\"mtr-td-tag\"><div class=\"mtr-cell-content\">18,40 \u20ac<\/div><\/td><td data-mtr-content=\"30.04. \u2013 14.05.04.09. \u2013 30.09.\" class=\"mtr-td-tag\"><div class=\"mtr-cell-content\">23,50 \u20ac<\/div><\/td><td data-mtr-content=\"15.05. \u2013 21.05.28.08. \u2013 03.09.\" class=\"mtr-td-tag\"><div class=\"mtr-cell-content\">28,50 \u20ac<\/div><\/td><td data-mtr-content=\"22.05. \u2013 09.07.16.08. \u2013 27.08.\" class=\"mtr-td-tag\"><div class=\"mtr-cell-content\">33,80 \u20ac<\/div><\/td><td data-mtr-content=\"10.07. \u2013 15.08.\" class=\"mtr-td-tag\"><div class=\"mtr-cell-content\">35,00 \u20ac<\/div><\/td>\n<\/tr>\n\n<tr>\n  <td data-mtr-content=\"\u20acuro \/ Dan\" class=\"mtr-td-tag\"><div class=\"mtr-cell-content\">PARCELA STANDARD<\/div><\/td>\n  <td data-mtr-content=\"17.04. \u2013 29.04.\" class=\"mtr-td-tag\"><div class=\"mtr-cell-content\">15,90 \u20ac<\/div><\/td><td data-mtr-content=\"30.04. \u2013 14.05.04.09. \u2013 30.09.\" class=\"mtr-td-tag\"><div class=\"mtr-cell-content\">19,60 \u20ac<\/div><\/td><td data-mtr-content=\"15.05. \u2013 21.05.28.08. \u2013 03.09.\" class=\"mtr-td-tag\"><div class=\"mtr-cell-content\">23,90 \u20ac<\/div><\/td><td data-mtr-content=\"22.05. \u2013 09.07.16.08. \u2013 27.08.\" class=\"mtr-td-tag\"><div class=\"mtr-cell-content\">26,50 \u20ac<\/div><\/td><td data-mtr-content=\"10.07. \u2013 15.08.\" class=\"mtr-td-tag\"><div class=\"mtr-cell-content\">27,50 \u20ac<\/div><\/td>\n<\/tr>\n\n<tr>\n  <td data-mtr-content=\"\u20acuro \/ Dan\" class=\"mtr-td-tag\"><div class=\"mtr-cell-content\">KAMP MESTO Z ELEKTRIKO<\/div><\/td>\n  <td data-mtr-content=\"17.04. \u2013 29.04.\" class=\"mtr-td-tag\"><div class=\"mtr-cell-content\">14,20 \u20ac<\/div><\/td><td data-mtr-content=\"30.04. \u2013 14.05.04.09. \u2013 30.09.\" class=\"mtr-td-tag\"><div class=\"mtr-cell-content\">17,70 \u20ac<\/div><\/td><td data-mtr-content=\"15.05. \u2013 21.05.28.08. \u2013 03.09.\" class=\"mtr-td-tag\"><div class=\"mtr-cell-content\">20,10 \u20ac<\/div><\/td><td data-mtr-content=\"22.05. \u2013 09.07.16.08. \u2013 27.08.\" class=\"mtr-td-tag\"><div class=\"mtr-cell-content\">24,20 \u20ac<\/div><\/td><td data-mtr-content=\"10.07. \u2013 15.08.\" class=\"mtr-td-tag\"><div class=\"mtr-cell-content\">25,20 \u20ac<\/div><\/td>\n<\/tr>\n\n<tr>\n  <td data-mtr-content=\"\u20acuro \/ Dan\" class=\"mtr-td-tag\"><div class=\"mtr-cell-content\">KAMP MESTO BREZ ELEKTRIKE<\/div><\/td>\n  <td data-mtr-content=\"17.04. \u2013 29.04.\" class=\"mtr-td-tag\"><div class=\"mtr-cell-content\">10,10 \u20ac<\/div><\/td><td data-mtr-content=\"30.04. \u2013 14.05.04.09. \u2013 30.09.\" class=\"mtr-td-tag\"><div class=\"mtr-cell-content\">12,80 \u20ac<\/div><\/td><td data-mtr-content=\"15.05. \u2013 21.05.28.08. \u2013 03.09.\" class=\"mtr-td-tag\"><div class=\"mtr-cell-content\">15,70 \u20ac<\/div><\/td><td data-mtr-content=\"22.05. \u2013 09.07.16.08. \u2013 27.08.\" class=\"mtr-td-tag\"><div class=\"mtr-cell-content\">19,40 \u20ac<\/div><\/td><td data-mtr-content=\"10.07. \u2013 15.08.\" class=\"mtr-td-tag\"><div class=\"mtr-cell-content\">20,00 \u20ac<\/div><\/td>\n<\/tr>\n\n<tr>\n  <td data-mtr-content=\"\u20acuro \/ Dan\" class=\"mtr-td-tag\"><div class=\"mtr-cell-content\">DODATNI \u0160OTOR ALI AVTO<\/div><\/td>\n  <td data-mtr-content=\"17.04. \u2013 29.04.\" class=\"mtr-td-tag\"><div class=\"mtr-cell-content\">3,30 \u20ac<\/div><\/td><td data-mtr-content=\"30.04. \u2013 14.05.04.09. \u2013 30.09.\" class=\"mtr-td-tag\"><div class=\"mtr-cell-content\">4,50 \u20ac<\/div><\/td><td data-mtr-content=\"15.05. \u2013 21.05.28.08. \u2013 03.09.\" class=\"mtr-td-tag\"><div class=\"mtr-cell-content\">5,80 \u20ac<\/div><\/td><td data-mtr-content=\"22.05. \u2013 09.07.16.08. \u2013 27.08.\" class=\"mtr-td-tag\"><div class=\"mtr-cell-content\">7,00 \u20ac<\/div><\/td><td data-mtr-content=\"10.07. \u2013 15.08.\" class=\"mtr-td-tag\"><div class=\"mtr-cell-content\">7,30 \u20ac<\/div><\/td>\n<\/tr>\n\n<tr>\n  <td data-mtr-content=\"\u20acuro \/ Dan\" class=\"mtr-td-tag\"><div class=\"mtr-cell-content\">DODATNI MOTOR<\/div><\/td>\n  <td data-mtr-content=\"17.04. \u2013 29.04.\" class=\"mtr-td-tag\"><div class=\"mtr-cell-content\">2,70 \u20ac<\/div><\/td><td data-mtr-content=\"30.04. \u2013 14.05.04.09. \u2013 30.09.\" class=\"mtr-td-tag\"><div class=\"mtr-cell-content\">3,90 \u20ac<\/div><\/td><td data-mtr-content=\"15.05. \u2013 21.05.28.08. \u2013 03.09.\" class=\"mtr-td-tag\"><div class=\"mtr-cell-content\">5,20 \u20ac<\/div><\/td><td data-mtr-content=\"22.05. \u2013 09.07.16.08. \u2013 27.08.\" class=\"mtr-td-tag\"><div class=\"mtr-cell-content\">6,50 \u20ac<\/div><\/td><td data-mtr-content=\"10.07. \u2013 15.08.\" class=\"mtr-td-tag\"><div class=\"mtr-cell-content\">7,00 \u20ac<\/div><\/td>\n<\/tr>\n\n<tr>\n  <td data-mtr-content=\"\u20acuro \/ Dan\" class=\"mtr-td-tag\"><div class=\"mtr-cell-content\">PARKIRI\u0160\u010cE \u2013 PRIKOLICA ZA \u010cOLN ALI AVTO<\/div><\/td>\n  <td data-mtr-content=\"17.04. \u2013 29.04.\" class=\"mtr-td-tag\"><div class=\"mtr-cell-content\">9,00 \u20ac<\/div><\/td><td data-mtr-content=\"30.04. \u2013 14.05.04.09. \u2013 30.09.\" class=\"mtr-td-tag\"><div class=\"mtr-cell-content\">9,00 \u20ac<\/div><\/td><td data-mtr-content=\"15.05. \u2013 21.05.28.08. \u2013 03.09.\" class=\"mtr-td-tag\"><div class=\"mtr-cell-content\">9,00 \u20ac<\/div><\/td><td data-mtr-content=\"22.05. \u2013 09.07.16.08. \u2013 27.08.\" class=\"mtr-td-tag\"><div class=\"mtr-cell-content\">9,00 \u20ac<\/div><\/td><td data-mtr-content=\"10.07. \u2013 15.08.\" class=\"mtr-td-tag\"><div class=\"mtr-cell-content\">9,50 \u20ac<\/div><\/td>\n<\/tr>\n\n<tr>\n  <td data-mtr-content=\"\u20acuro \/ Dan\" class=\"mtr-td-tag\"><div class=\"mtr-cell-content\">PES<\/div><\/td>\n  <td data-mtr-content=\"17.04. \u2013 29.04.\" class=\"mtr-td-tag\"><div class=\"mtr-cell-content\">6,50 \u20ac<\/div><\/td><td data-mtr-content=\"30.04. \u2013 14.05.04.09. \u2013 30.09.\" class=\"mtr-td-tag\"><div class=\"mtr-cell-content\">6,50 \u20ac<\/div><\/td><td data-mtr-content=\"15.05. \u2013 21.05.28.08. \u2013 03.09.\" class=\"mtr-td-tag\"><div class=\"mtr-cell-content\">7,00 \u20ac<\/div><\/td><td data-mtr-content=\"22.05. \u2013 09.07.16.08. \u2013 27.08.\" class=\"mtr-td-tag\"><div class=\"mtr-cell-content\">7,00 \u20ac<\/div><\/td><td data-mtr-content=\"10.07. \u2013 15.08.\" class=\"mtr-td-tag\"><div class=\"mtr-cell-content\">7,00 \u20ac<\/div><\/td>\n<\/tr>\n\n<tr>\n  <td data-mtr-content=\"\u20acuro \/ Dan\" class=\"mtr-td-tag\"><div class=\"mtr-cell-content\">SEF \/ SHRANJEVALNI TREZOR<\/div><\/td>\n  <td data-mtr-content=\"17.04. \u2013 29.04.\" class=\"mtr-td-tag\"><div class=\"mtr-cell-content\">3,40 \u20ac<\/div><\/td><td data-mtr-content=\"30.04. \u2013 14.05.04.09. \u2013 30.09.\" class=\"mtr-td-tag\"><div class=\"mtr-cell-content\"><\/div><\/td><td data-mtr-content=\"15.05. \u2013 21.05.28.08. \u2013 03.09.\" class=\"mtr-td-tag\"><div class=\"mtr-cell-content\"><\/div><\/td><td data-mtr-content=\"22.05. \u2013 09.07.16.08. \u2013 27.08.\" class=\"mtr-td-tag\"><div class=\"mtr-cell-content\"><\/div><\/td><td data-mtr-content=\"10.07. \u2013 15.08.\" class=\"mtr-td-tag\"><div class=\"mtr-cell-content\"><\/div><\/td>\n<\/tr>\n\n<\/tbody>\n<\/table><\/figure>\n\n\n\n<figure class=\"wp-block-table\"><table class=\"has-fixed-layout mtr-table mtr-tr-td\">\n<tbody>\n<tr>\n  <td data-mtr-content=\"TURISTI\u010cNA TAKSA\" class=\"mtr-td-tag\"><div class=\"mtr-cell-content\"><strong>TURISTI\u010cNA TAKSA<\/strong><\/div><\/td>\n  <td data-mtr-content=\"01.04.\u201330.09.\" class=\"mtr-td-tag\"><div class=\"mtr-cell-content\"><strong>01.04.\u201330.09.<\/strong><\/div><\/td>\n  <td data-mtr-content=\"01.10.\u201331.03.\" class=\"mtr-td-tag\"><div class=\"mtr-cell-content\"><strong>01.10.\u201331.03.<\/strong><\/div><\/td>\n<\/tr>\n\n<tr>\n  <td data-mtr-content=\"TURISTI\u010cNA TAKSA\" class=\"mtr-td-tag\"><div class=\"mtr-cell-content\">Oseba 18+<\/div><\/td>\n  <td data-mtr-content=\"01.04.\u201330.09.\" class=\"mtr-td-tag\"><div class=\"mtr-cell-content\">1,95 \u20ac<\/div><\/td>\n  <td data-mtr-content=\"01.10.\u201331.03.\" class=\"mtr-td-tag\"><div class=\"mtr-cell-content\">1,30 \u20ac<\/div><\/td>\n<\/tr>\n\n<tr>\n  <td data-mtr-content=\"TURISTI\u010cNA TAKSA\" class=\"mtr-td-tag\"><div class=\"mtr-cell-content\">Oseba 12 \u2013 17,99<\/div><\/td>\n  <td data-mtr-content=\"01.04.\u201330.09.\" class=\"mtr-td-tag\"><div class=\"mtr-cell-content\">0,98 \u20ac<\/div><\/td>\n  <td data-mtr-content=\"01.10.\u201331.03.\" class=\"mtr-td-tag\"><div class=\"mtr-cell-content\">0,65 \u20ac<\/div><\/td>\n<\/tr>\n\n<\/tbody>\n<\/table><\/figure>\n\n\n\n<ul class=\"wp-block-list\">\n  <li>Dnevna cena parcele ali kamp mesta vklju\u010duje: eno kamp prikolico\/\u0161otor + avto\/motor ali en avtodom\/minivan.<\/li>\n  <li>Objavljene dnevne cene se lahko spremenijo.<\/li>\n  <li>\u010clani HAK, CCI, ADAC, ANWB, ACSI, Avtokampi.si imajo pravico do 10% popusta na ceno osebe pri minimalnem bivanju 3 no\u010di. Uporabiti je mogo\u010de le en popust. \u010clansko izkaznico je treba predlo\u017eiti ob prihodu; kasnej\u0161e spremembe niso mogo\u010de.<\/li>\n  <li>Cena za prazen \u0161otor ali prikolico, ki ostane v kampu, zna\u0161a 60,00 \u20ac. Poletna pav\u0161alna cena za prikolico za \u010doln na parkiri\u0161\u010du zna\u0161a 400,00 \u20ac.<\/li>\n<\/ul>\n","protected":false},"excerpt":{"rendered":"<p>\u20acuro \/ Dan 17.04. \u2013 29.04. 30.04. \u2013 14.05.04.09. \u2013 30.09. 15.05. \u2013 21.05.28.08. \u2013 03.09. 22.05. \u2013 09.07.16.08. \u2013 27.08. 10.07. \u2013 15.08. ODRASLI 5,70 \u20ac 7,20 \u20ac 9,20 \u20ac 11,50 \u20ac 11,80 \u20ac OTROCI 0 \u2013 6,99 LET 0,00 \u20ac 0,00 \u20ac 0,00 \u20ac 0,00 \u20ac 0,00 \u20ac OTROCI 7 \u2013 11,99 LET [&hellip;]<\/p>\n","protected":false},"author":1,"featured_media":0,"parent":2762,"menu_order":14,"comment_status":"closed","ping_status":"closed","template":"","meta":{"slim_seo":{"title":"Camping Pila - cenik - Camping Punat - Managed by Falkensteiner","description":"\u20acuro \/ Dan 17.04. - 29.04. 30.04. - 14.05. 04.09. - 30.09. 15.05. - 21.05. 28.08. - 03.09. 22.05. - 09.07. 16.08. - 27.08. 10.07. \u2013 15.08. ODRASLI 5,70 \u20ac 7,20 \u20ac"},"footnotes":""},"class_list":["post-2886","page","type-page","status-publish","hentry"],"acpt":null,"_links":{"self":[{"href":"https:\/\/campingpunat.com\/sl\/wp-json\/wp\/v2\/pages\/2886","targetHints":{"allow":["GET"]}}],"collection":[{"href":"https:\/\/campingpunat.com\/sl\/wp-json\/wp\/v2\/pages"}],"about":[{"href":"https:\/\/campingpunat.com\/sl\/wp-json\/wp\/v2\/types\/page"}],"author":[{"embeddable":true,"href":"https:\/\/campingpunat.com\/sl\/wp-json\/wp\/v2\/users\/1"}],"replies":[{"embeddable":true,"href":"https:\/\/campingpunat.com\/sl\/wp-json\/wp\/v2\/comments?post=2886"}],"version-history":[{"count":3,"href":"https:\/\/campingpunat.com\/sl\/wp-json\/wp\/v2\/pages\/2886\/revisions"}],"predecessor-version":[{"id":3212,"href":"https:\/\/campingpunat.com\/sl\/wp-json\/wp\/v2\/pages\/2886\/revisions\/3212"}],"up":[{"embeddable":true,"href":"https:\/\/campingpunat.com\/sl\/wp-json\/wp\/v2\/pages\/2762"}],"wp:attachment":[{"href":"https:\/\/campingpunat.com\/sl\/wp-json\/wp\/v2\/media?parent=2886"}],"curies":[{"name":"wp","href":"https:\/\/api.w.org\/{rel}","templated":true}]}}