{"id":2875,"date":"2025-02-20T14:52:14","date_gmt":"2025-02-20T13:52:14","guid":{"rendered":"https:\/\/campingpunat.com\/naturisticni-kamp-konobe\/sanitarni-prostor-camping-konobe\/"},"modified":"2025-02-20T14:52:14","modified_gmt":"2025-02-20T13:52:14","slug":"sanitarni-prostor-camping-konobe","status":"publish","type":"page","link":"https:\/\/campingpunat.com\/sl\/naturisticni-kamp-konobe\/sanitarni-prostor-camping-konobe\/","title":{"rendered":"Sanitarni prostor Camping Konobe"},"content":{"rendered":"","protected":false},"excerpt":{"rendered":"","protected":false},"author":1,"featured_media":0,"parent":2872,"menu_order":40,"comment_status":"closed","ping_status":"closed","template":"","meta":{"slim_seo":{"title":"Sanitarni prostor Camping Konobe - Camping Punat - Managed by Falkensteiner","description":"Sanitarije Naturist Camping Konobe V kampu sta dva ve\u010dja in en manj\u0161i sanitarni objekt z vsemi potrebnimi higienskimi pripomo\u010dki. Son\u010dna energija se uporablja z"},"footnotes":""},"class_list":["post-2875","page","type-page","status-publish","hentry"],"acpt":null,"_links":{"self":[{"href":"https:\/\/campingpunat.com\/sl\/wp-json\/wp\/v2\/pages\/2875","targetHints":{"allow":["GET"]}}],"collection":[{"href":"https:\/\/campingpunat.com\/sl\/wp-json\/wp\/v2\/pages"}],"about":[{"href":"https:\/\/campingpunat.com\/sl\/wp-json\/wp\/v2\/types\/page"}],"author":[{"embeddable":true,"href":"https:\/\/campingpunat.com\/sl\/wp-json\/wp\/v2\/users\/1"}],"replies":[{"embeddable":true,"href":"https:\/\/campingpunat.com\/sl\/wp-json\/wp\/v2\/comments?post=2875"}],"version-history":[{"count":0,"href":"https:\/\/campingpunat.com\/sl\/wp-json\/wp\/v2\/pages\/2875\/revisions"}],"up":[{"embeddable":true,"href":"https:\/\/campingpunat.com\/sl\/wp-json\/wp\/v2\/pages\/2872"}],"wp:attachment":[{"href":"https:\/\/campingpunat.com\/sl\/wp-json\/wp\/v2\/media?parent=2875"}],"curies":[{"name":"wp","href":"https:\/\/api.w.org\/{rel}","templated":true}]}}