{"id":2872,"date":"2025-02-19T16:23:22","date_gmt":"2025-02-19T15:23:22","guid":{"rendered":"https:\/\/campingpunat.com\/naturisticni-kamp-konobe\/"},"modified":"2025-04-16T11:54:35","modified_gmt":"2025-04-16T09:54:35","slug":"naturisticni-kamp-konobe","status":"publish","type":"page","link":"https:\/\/campingpunat.com\/sl\/naturisticni-kamp-konobe\/","title":{"rendered":"Naturist Camping Konobe"},"content":{"rendered":"","protected":false},"excerpt":{"rendered":"","protected":false},"author":1,"featured_media":0,"parent":0,"menu_order":23,"comment_status":"closed","ping_status":"closed","template":"","meta":{"slim_seo":{"title":"Naturist Camping Konobe - Camping Punat - Managed by Falkensteiner","description":"Naturist Camping Konobe Zaradi izjemne terasaste lege, neokrnjenega in ohranjenega okolja na\u0161 kamp ponuja popolne po\u010ditnice, ki jih danes le redko do\u017eivite! Pol"},"footnotes":""},"class_list":["post-2872","page","type-page","status-publish","hentry"],"acpt":null,"_links":{"self":[{"href":"https:\/\/campingpunat.com\/sl\/wp-json\/wp\/v2\/pages\/2872","targetHints":{"allow":["GET"]}}],"collection":[{"href":"https:\/\/campingpunat.com\/sl\/wp-json\/wp\/v2\/pages"}],"about":[{"href":"https:\/\/campingpunat.com\/sl\/wp-json\/wp\/v2\/types\/page"}],"author":[{"embeddable":true,"href":"https:\/\/campingpunat.com\/sl\/wp-json\/wp\/v2\/users\/1"}],"replies":[{"embeddable":true,"href":"https:\/\/campingpunat.com\/sl\/wp-json\/wp\/v2\/comments?post=2872"}],"version-history":[{"count":0,"href":"https:\/\/campingpunat.com\/sl\/wp-json\/wp\/v2\/pages\/2872\/revisions"}],"wp:attachment":[{"href":"https:\/\/campingpunat.com\/sl\/wp-json\/wp\/v2\/media?parent=2872"}],"curies":[{"name":"wp","href":"https:\/\/api.w.org\/{rel}","templated":true}]}}