{"id":2762,"date":"2025-02-11T16:20:10","date_gmt":"2025-02-11T15:20:10","guid":{"rendered":"https:\/\/campingpunat.com\/kamp-pila\/"},"modified":"2025-02-11T16:20:10","modified_gmt":"2025-02-11T15:20:10","slug":"kamp-pila","status":"publish","type":"page","link":"https:\/\/campingpunat.com\/sl\/kamp-pila\/","title":{"rendered":"Kamp Pila"},"content":{"rendered":"","protected":false},"excerpt":{"rendered":"","protected":false},"author":1,"featured_media":0,"parent":0,"menu_order":9,"comment_status":"closed","ping_status":"closed","template":"","meta":{"slim_seo":{"title":"Kamp Pila - Camping Punat - Managed by Falkensteiner","description":"Camping Pila Pre\u017eivite nepozabne po\u010ditnice na najbli\u017ejem Zlatem otoku Krku v na\u0161em kampu tik ob morju!&nbsp; Za popolne po\u010ditnice kamp ponuja udobno namestitev"},"footnotes":""},"class_list":["post-2762","page","type-page","status-publish","hentry"],"acpt":null,"_links":{"self":[{"href":"https:\/\/campingpunat.com\/sl\/wp-json\/wp\/v2\/pages\/2762","targetHints":{"allow":["GET"]}}],"collection":[{"href":"https:\/\/campingpunat.com\/sl\/wp-json\/wp\/v2\/pages"}],"about":[{"href":"https:\/\/campingpunat.com\/sl\/wp-json\/wp\/v2\/types\/page"}],"author":[{"embeddable":true,"href":"https:\/\/campingpunat.com\/sl\/wp-json\/wp\/v2\/users\/1"}],"replies":[{"embeddable":true,"href":"https:\/\/campingpunat.com\/sl\/wp-json\/wp\/v2\/comments?post=2762"}],"version-history":[{"count":0,"href":"https:\/\/campingpunat.com\/sl\/wp-json\/wp\/v2\/pages\/2762\/revisions"}],"wp:attachment":[{"href":"https:\/\/campingpunat.com\/sl\/wp-json\/wp\/v2\/media?parent=2762"}],"curies":[{"name":"wp","href":"https:\/\/api.w.org\/{rel}","templated":true}]}}