{"id":2758,"date":"2025-03-07T13:37:16","date_gmt":"2025-03-07T12:37:16","guid":{"rendered":"https:\/\/campingpunat.com\/o-nas\/"},"modified":"2025-03-07T13:37:16","modified_gmt":"2025-03-07T12:37:16","slug":"o-nas","status":"publish","type":"page","link":"https:\/\/campingpunat.com\/sl\/o-nas\/","title":{"rendered":"O nas"},"content":{"rendered":"","protected":false},"excerpt":{"rendered":"","protected":false},"author":1,"featured_media":0,"parent":0,"menu_order":2,"comment_status":"closed","ping_status":"closed","template":"","meta":{"slim_seo":{"title":"O nas - Camping Punat - Managed by Falkensteiner","description":"Kratek zgodovinski razvoj dru\u0161tva Punat je zaradi svoje privla\u010dnosti \u017ee od nekdaj privabljal izletnike. \u017de v \u010dasu zadaj 1. svetovna vojna Med drugo svetovno voj"},"footnotes":""},"class_list":["post-2758","page","type-page","status-publish","hentry"],"acpt":null,"_links":{"self":[{"href":"https:\/\/campingpunat.com\/sl\/wp-json\/wp\/v2\/pages\/2758","targetHints":{"allow":["GET"]}}],"collection":[{"href":"https:\/\/campingpunat.com\/sl\/wp-json\/wp\/v2\/pages"}],"about":[{"href":"https:\/\/campingpunat.com\/sl\/wp-json\/wp\/v2\/types\/page"}],"author":[{"embeddable":true,"href":"https:\/\/campingpunat.com\/sl\/wp-json\/wp\/v2\/users\/1"}],"replies":[{"embeddable":true,"href":"https:\/\/campingpunat.com\/sl\/wp-json\/wp\/v2\/comments?post=2758"}],"version-history":[{"count":0,"href":"https:\/\/campingpunat.com\/sl\/wp-json\/wp\/v2\/pages\/2758\/revisions"}],"wp:attachment":[{"href":"https:\/\/campingpunat.com\/sl\/wp-json\/wp\/v2\/media?parent=2758"}],"curies":[{"name":"wp","href":"https:\/\/api.w.org\/{rel}","templated":true}]}}