{"id":25,"date":"2025-02-03T17:05:10","date_gmt":"2025-02-03T17:05:10","guid":{"rendered":"https:\/\/campingpunat.com\/?page_id=25"},"modified":"2025-04-11T14:18:18","modified_gmt":"2025-04-11T12:18:18","slug":"naslovna","status":"publish","type":"page","link":"https:\/\/campingpunat.com\/hr\/","title":{"rendered":"Naslovna"},"content":{"rendered":"","protected":false},"excerpt":{"rendered":"","protected":false},"author":1,"featured_media":0,"parent":0,"menu_order":20,"comment_status":"closed","ping_status":"closed","template":"","meta":{"slim_seo":{"title":"Camping Punat - Managed by Falkensteiner - Kampiranje uz more na otoku Krku, Hrvatska","description":"Camping Punat Na Krku, jednom od najve\u0107ih otoka Jadranskog mora, smje\u0161teni su Camping Pila i Naturist Camping Konobe . Izaberi jedan od na\u0161ih kampova i odmori s"},"footnotes":""},"class_list":["post-25","page","type-page","status-publish","hentry"],"acpt":null,"_links":{"self":[{"href":"https:\/\/campingpunat.com\/hr\/wp-json\/wp\/v2\/pages\/25","targetHints":{"allow":["GET"]}}],"collection":[{"href":"https:\/\/campingpunat.com\/hr\/wp-json\/wp\/v2\/pages"}],"about":[{"href":"https:\/\/campingpunat.com\/hr\/wp-json\/wp\/v2\/types\/page"}],"author":[{"embeddable":true,"href":"https:\/\/campingpunat.com\/hr\/wp-json\/wp\/v2\/users\/1"}],"replies":[{"embeddable":true,"href":"https:\/\/campingpunat.com\/hr\/wp-json\/wp\/v2\/comments?post=25"}],"version-history":[{"count":0,"href":"https:\/\/campingpunat.com\/hr\/wp-json\/wp\/v2\/pages\/25\/revisions"}],"wp:attachment":[{"href":"https:\/\/campingpunat.com\/hr\/wp-json\/wp\/v2\/media?parent=25"}],"curies":[{"name":"wp","href":"https:\/\/api.w.org\/{rel}","templated":true}]}}