{"id":2291,"date":"2025-02-20T14:54:44","date_gmt":"2025-02-20T13:54:44","guid":{"rendered":"https:\/\/campingpunat.com\/?page_id=2291"},"modified":"2025-12-02T15:29:50","modified_gmt":"2025-12-02T14:29:50","slug":"naturist-camping-konobe-cjenik","status":"publish","type":"page","link":"https:\/\/campingpunat.com\/hr\/naturist-camping-konobe\/naturist-camping-konobe-cjenik\/","title":{"rendered":"Naturist Camping Konobe &#8211; cjenik"},"content":{"rendered":"\n<figure class=\"wp-block-table\"><table class=\"has-fixed-layout mtr-table mtr-tr-td\">\n<tbody>\n\n<tr>\n  <td data-mtr-content=\"\u20acuro \/ Dan\" class=\"mtr-td-tag\"><div class=\"mtr-cell-content\"><strong>\u20acuro \/ Dan<\/strong><\/div><\/td>\n <td data-mtr-content=\"17.04. \u2013 29.04.\" class=\"mtr-td-tag\"><div class=\"mtr-cell-content\"><strong>17.04. \u2013 29.04.<\/strong><\/div><\/td>\n  <td data-mtr-content=\"30.04. \u2013 14.05.04.09. \u2013 30.09.\" class=\"mtr-td-tag\"><div class=\"mtr-cell-content\"><strong>30.04. \u2013 14.05.<\/strong><br><strong>04.09. \u2013 30.09.<\/strong><\/div><\/td>\n  <td data-mtr-content=\"15.05. \u2013 21.05.28.08. \u2013 03.09.\" class=\"mtr-td-tag\"><div class=\"mtr-cell-content\"><strong>15.05. \u2013 21.05.<\/strong><br><strong>28.08. \u2013 03.09.<\/strong><\/div><\/td>\n  <td data-mtr-content=\"22.05. \u2013 09.07.16.08. \u2013 27.08.\" class=\"mtr-td-tag\"><div class=\"mtr-cell-content\"><strong>22.05. \u2013 09.07.<\/strong><br><strong>16.08. \u2013 27.08.<\/strong><\/div><\/td>\n  <td data-mtr-content=\"10.07. \u2013 15.08.\" class=\"mtr-td-tag\"><div class=\"mtr-cell-content\"><strong>10.07. \u2013 15.08.<\/strong><\/div><\/td>\n<\/tr>\n\n<tr>\n  <td data-mtr-content=\"\u20acuro \/ Dan\" class=\"mtr-td-tag\"><div class=\"mtr-cell-content\">PO OSOBI<\/div><\/td>\n  <td data-mtr-content=\"17.04. \u2013 29.04.\" class=\"mtr-td-tag\"><div class=\"mtr-cell-content\">7,20 \u20ac<\/div><\/td><td data-mtr-content=\"30.04. \u2013 14.05.04.09. \u2013 30.09.\" class=\"mtr-td-tag\"><div class=\"mtr-cell-content\">9,20 \u20ac<\/div><\/td><td data-mtr-content=\"15.05. \u2013 21.05.28.08. \u2013 03.09.\" class=\"mtr-td-tag\"><div class=\"mtr-cell-content\">11,50 \u20ac<\/div><\/td><td data-mtr-content=\"22.05. \u2013 09.07.16.08. \u2013 27.08.\" class=\"mtr-td-tag\"><div class=\"mtr-cell-content\">11,80 \u20ac<\/div><\/td><td data-mtr-content=\"10.07. \u2013 15.08.\" class=\"mtr-td-tag\"><div class=\"mtr-cell-content\">14,00 \u20ac<\/div><\/td>\n<\/tr>\n\n<tr>\n  <td data-mtr-content=\"\u20acuro \/ Dan\" class=\"mtr-td-tag\"><div class=\"mtr-cell-content\">DJECA 7 \u2013 11,99 GODINA<\/div><\/td>\n  <td data-mtr-content=\"17.04. \u2013 29.04.\" class=\"mtr-td-tag\"><div class=\"mtr-cell-content\">3,35 \u20ac<\/div><\/td><td data-mtr-content=\"30.04. \u2013 14.05.04.09. \u2013 30.09.\" class=\"mtr-td-tag\"><div class=\"mtr-cell-content\">4,60 \u20ac<\/div><\/td><td data-mtr-content=\"15.05. \u2013 21.05.28.08. \u2013 03.09.\" class=\"mtr-td-tag\"><div class=\"mtr-cell-content\">6,70 \u20ac<\/div><\/td><td data-mtr-content=\"22.05. \u2013 09.07.16.08. \u2013 27.08.\" class=\"mtr-td-tag\"><div class=\"mtr-cell-content\">7,80 \u20ac<\/div><\/td><td data-mtr-content=\"10.07. \u2013 15.08.\" class=\"mtr-td-tag\"><div class=\"mtr-cell-content\">8,20 \u20ac<\/div><\/td>\n<\/tr>\n\n<tr>\n  <td data-mtr-content=\"\u20acuro \/ Dan\" class=\"mtr-td-tag\"><div class=\"mtr-cell-content\">DJECA 0 \u2013 6,99 GODINA<\/div><\/td>\n  <td data-mtr-content=\"17.04. \u2013 29.04.\" class=\"mtr-td-tag\"><div class=\"mtr-cell-content\">0,00 \u20ac<\/div><\/td><td data-mtr-content=\"30.04. \u2013 14.05.04.09. \u2013 30.09.\" class=\"mtr-td-tag\"><div class=\"mtr-cell-content\">0,00 \u20ac<\/div><\/td><td data-mtr-content=\"15.05. \u2013 21.05.28.08. \u2013 03.09.\" class=\"mtr-td-tag\"><div class=\"mtr-cell-content\">0,00 \u20ac<\/div><\/td><td data-mtr-content=\"22.05. \u2013 09.07.16.08. \u2013 27.08.\" class=\"mtr-td-tag\"><div class=\"mtr-cell-content\">0,00 \u20ac<\/div><\/td><td data-mtr-content=\"10.07. \u2013 15.08.\" class=\"mtr-td-tag\"><div class=\"mtr-cell-content\">0,00 \u20ac<\/div><\/td>\n<\/tr>\n\n<tr>\n  <td data-mtr-content=\"\u20acuro \/ Dan\" class=\"mtr-td-tag\"><div class=\"mtr-cell-content\">PARCELA STANDARD<\/div><\/td>\n  <td data-mtr-content=\"17.04. \u2013 29.04.\" class=\"mtr-td-tag\"><div class=\"mtr-cell-content\">17,30 \u20ac<\/div><\/td><td data-mtr-content=\"30.04. \u2013 14.05.04.09. \u2013 30.09.\" class=\"mtr-td-tag\"><div class=\"mtr-cell-content\">24,20 \u20ac<\/div><\/td><td data-mtr-content=\"15.05. \u2013 21.05.28.08. \u2013 03.09.\" class=\"mtr-td-tag\"><div class=\"mtr-cell-content\">29,50 \u20ac<\/div><\/td><td data-mtr-content=\"22.05. \u2013 09.07.16.08. \u2013 27.08.\" class=\"mtr-td-tag\"><div class=\"mtr-cell-content\">38,80 \u20ac<\/div><\/td><td data-mtr-content=\"10.07. \u2013 15.08.\" class=\"mtr-td-tag\"><div class=\"mtr-cell-content\">41,00 \u20ac<\/div><\/td>\n<\/tr>\n\n<tr>\n  <td data-mtr-content=\"\u20acuro \/ Dan\" class=\"mtr-td-tag\"><div class=\"mtr-cell-content\">PARCELA COMFORT<\/div><\/td>\n  <td data-mtr-content=\"17.04. \u2013 29.04.\" class=\"mtr-td-tag\"><div class=\"mtr-cell-content\">21,40 \u20ac<\/div><\/td><td data-mtr-content=\"30.04. \u2013 14.05.04.09. \u2013 30.09.\" class=\"mtr-td-tag\"><div class=\"mtr-cell-content\">37,30 \u20ac<\/div><\/td><td data-mtr-content=\"15.05. \u2013 21.05.28.08. \u2013 03.09.\" class=\"mtr-td-tag\"><div class=\"mtr-cell-content\">41,20 \u20ac<\/div><\/td><td data-mtr-content=\"22.05. \u2013 09.07.16.08. \u2013 27.08.\" class=\"mtr-td-tag\"><div class=\"mtr-cell-content\">50,60 \u20ac<\/div><\/td><td data-mtr-content=\"10.07. \u2013 15.08.\" class=\"mtr-td-tag\"><div class=\"mtr-cell-content\">54,50 \u20ac<\/div><\/td>\n<\/tr>\n\n<tr>\n  <td data-mtr-content=\"\u20acuro \/ Dan\" class=\"mtr-td-tag\"><div class=\"mtr-cell-content\">PARCELA COMFORT MARE<\/div><\/td>\n  <td data-mtr-content=\"17.04. \u2013 29.04.\" class=\"mtr-td-tag\"><div class=\"mtr-cell-content\">27,90 \u20ac<\/div><\/td><td data-mtr-content=\"30.04. \u2013 14.05.04.09. \u2013 30.09.\" class=\"mtr-td-tag\"><div class=\"mtr-cell-content\">44,00 \u20ac<\/div><\/td><td data-mtr-content=\"15.05. \u2013 21.05.28.08. \u2013 03.09.\" class=\"mtr-td-tag\"><div class=\"mtr-cell-content\">49,60 \u20ac<\/div><\/td><td data-mtr-content=\"22.05. \u2013 09.07.16.08. \u2013 27.08.\" class=\"mtr-td-tag\"><div class=\"mtr-cell-content\">58,40 \u20ac<\/div><\/td><td data-mtr-content=\"10.07. \u2013 15.08.\" class=\"mtr-td-tag\"><div class=\"mtr-cell-content\">69,00 \u20ac<\/div><\/td>\n<\/tr>\n\n<tr>\n  <td data-mtr-content=\"\u20acuro \/ Dan\" class=\"mtr-td-tag\"><div class=\"mtr-cell-content\">\u0160ATORSKO MJESTO STANDARD<\/div><\/td>\n  <td data-mtr-content=\"17.04. \u2013 29.04.\" class=\"mtr-td-tag\"><div class=\"mtr-cell-content\">16,00 \u20ac<\/div><\/td><td data-mtr-content=\"30.04. \u2013 14.05.04.09. \u2013 30.09.\" class=\"mtr-td-tag\"><div class=\"mtr-cell-content\">20,10 \u20ac<\/div><\/td><td data-mtr-content=\"15.05. \u2013 21.05.28.08. \u2013 03.09.\" class=\"mtr-td-tag\"><div class=\"mtr-cell-content\">22,85 \u20ac<\/div><\/td><td data-mtr-content=\"22.05. \u2013 09.07.16.08. \u2013 27.08.\" class=\"mtr-td-tag\"><div class=\"mtr-cell-content\">26,65 \u20ac<\/div><\/td><td data-mtr-content=\"10.07. \u2013 15.08.\" class=\"mtr-td-tag\"><div class=\"mtr-cell-content\">28,00 \u20ac<\/div><\/td>\n<\/tr>\n\n<tr>\n  <td data-mtr-content=\"\u20acuro \/ Dan\" class=\"mtr-td-tag\"><div class=\"mtr-cell-content\">\u0160ATORSKO MJESTO MARE<\/div><\/td>\n  <td data-mtr-content=\"17.04. \u2013 29.04.\" class=\"mtr-td-tag\"><div class=\"mtr-cell-content\">17,30 \u20ac<\/div><\/td><td data-mtr-content=\"30.04. \u2013 14.05.04.09. \u2013 30.09.\" class=\"mtr-td-tag\"><div class=\"mtr-cell-content\">21,40 \u20ac<\/div><\/td><td data-mtr-content=\"15.05. \u2013 21.05.28.08. \u2013 03.09.\" class=\"mtr-td-tag\"><div class=\"mtr-cell-content\">25,60 \u20ac<\/div><\/td><td data-mtr-content=\"22.05. \u2013 09.07.16.08. \u2013 27.08.\" class=\"mtr-td-tag\"><div class=\"mtr-cell-content\">29,40 \u20ac<\/div><\/td><td data-mtr-content=\"10.07. \u2013 15.08.\" class=\"mtr-td-tag\"><div class=\"mtr-cell-content\">67,00 \u20ac<\/div><\/td>\n<\/tr>\n\n<tr>\n  <td data-mtr-content=\"\u20acuro \/ Dan\" class=\"mtr-td-tag\"><div class=\"mtr-cell-content\">KAMP MJESTO SA STRUJOM<\/div><\/td>\n  <td data-mtr-content=\"17.04. \u2013 29.04.\" class=\"mtr-td-tag\"><div class=\"mtr-cell-content\">17,30 \u20ac<\/div><\/td><td data-mtr-content=\"30.04. \u2013 14.05.04.09. \u2013 30.09.\" class=\"mtr-td-tag\"><div class=\"mtr-cell-content\">24,20 \u20ac<\/div><\/td><td data-mtr-content=\"15.05. \u2013 21.05.28.08. \u2013 03.09.\" class=\"mtr-td-tag\"><div class=\"mtr-cell-content\">29,50 \u20ac<\/div><\/td><td data-mtr-content=\"22.05. \u2013 09.07.16.08. \u2013 27.08.\" class=\"mtr-td-tag\"><div class=\"mtr-cell-content\">38,80 \u20ac<\/div><\/td><td data-mtr-content=\"10.07. \u2013 15.08.\" class=\"mtr-td-tag\"><div class=\"mtr-cell-content\">41,00 \u20ac<\/div><\/td>\n<\/tr>\n\n<tr>\n  <td data-mtr-content=\"\u20acuro \/ Dan\" class=\"mtr-td-tag\"><div class=\"mtr-cell-content\">KAMP MJESTO BEZ STRUJE<\/div><\/td>\n  <td data-mtr-content=\"17.04. \u2013 29.04.\" class=\"mtr-td-tag\"><div class=\"mtr-cell-content\">13,40 \u20ac<\/div><\/td><td data-mtr-content=\"30.04. \u2013 14.05.04.09. \u2013 30.09.\" class=\"mtr-td-tag\"><div class=\"mtr-cell-content\">19,00 \u20ac<\/div><\/td><td data-mtr-content=\"15.05. \u2013 21.05.28.08. \u2013 03.09.\" class=\"mtr-td-tag\"><div class=\"mtr-cell-content\">24,20 \u20ac<\/div><\/td><td data-mtr-content=\"22.05. \u2013 09.07.16.08. \u2013 27.08.\" class=\"mtr-td-tag\"><div class=\"mtr-cell-content\">32,20 \u20ac<\/div><\/td><td data-mtr-content=\"10.07. \u2013 15.08.\" class=\"mtr-td-tag\"><div class=\"mtr-cell-content\">34,00 \u20ac<\/div><\/td>\n<\/tr>\n\n<tr>\n  <td data-mtr-content=\"\u20acuro \/ Dan\" class=\"mtr-td-tag\"><div class=\"mtr-cell-content\">\u0160ATOR ILI AUTO \u2013 EXTRA<\/div><\/td>\n  <td data-mtr-content=\"17.04. \u2013 29.04.\" class=\"mtr-td-tag\"><div class=\"mtr-cell-content\">3,50 \u20ac<\/div><\/td><td data-mtr-content=\"30.04. \u2013 14.05.04.09. \u2013 30.09.\" class=\"mtr-td-tag\"><div class=\"mtr-cell-content\">3,80 \u20ac<\/div><\/td><td data-mtr-content=\"15.05. \u2013 21.05.28.08. \u2013 03.09.\" class=\"mtr-td-tag\"><div class=\"mtr-cell-content\">4,50 \u20ac<\/div><\/td><td data-mtr-content=\"22.05. \u2013 09.07.16.08. \u2013 27.08.\" class=\"mtr-td-tag\"><div class=\"mtr-cell-content\">6,20 \u20ac<\/div><\/td><td data-mtr-content=\"10.07. \u2013 15.08.\" class=\"mtr-td-tag\"><div class=\"mtr-cell-content\">6,30 \u20ac<\/div><\/td>\n<\/tr>\n\n<tr>\n  <td data-mtr-content=\"\u20acuro \/ Dan\" class=\"mtr-td-tag\"><div class=\"mtr-cell-content\">MOTOCIKL \u2013 EXTRA<\/div><\/td>\n  <td data-mtr-content=\"17.04. \u2013 29.04.\" class=\"mtr-td-tag\"><div class=\"mtr-cell-content\">3,50 \u20ac<\/div><\/td><td data-mtr-content=\"30.04. \u2013 14.05.04.09. \u2013 30.09.\" class=\"mtr-td-tag\"><div class=\"mtr-cell-content\">3,80 \u20ac<\/div><\/td><td data-mtr-content=\"15.05. \u2013 21.05.28.08. \u2013 03.09.\" class=\"mtr-td-tag\"><div class=\"mtr-cell-content\">4,50 \u20ac<\/div><\/td><td data-mtr-content=\"22.05. \u2013 09.07.16.08. \u2013 27.08.\" class=\"mtr-td-tag\"><div class=\"mtr-cell-content\">6,20 \u20ac<\/div><\/td><td data-mtr-content=\"10.07. \u2013 15.08.\" class=\"mtr-td-tag\"><div class=\"mtr-cell-content\">6,30 \u20ac<\/div><\/td>\n<\/tr>\n\n<tr>\n  <td data-mtr-content=\"\u20acuro \/ Dan\" class=\"mtr-td-tag\"><div class=\"mtr-cell-content\">PARKING \u2013 AUTO ILI BRODSKA PRIKOLICA<\/div><\/td>\n  <td data-mtr-content=\"17.04. \u2013 29.04.\" class=\"mtr-td-tag\"><div class=\"mtr-cell-content\">7,50 \u20ac<\/div><\/td><td data-mtr-content=\"30.04. \u2013 14.05.04.09. \u2013 30.09.\" class=\"mtr-td-tag\"><div class=\"mtr-cell-content\"><\/div><\/td><td data-mtr-content=\"15.05. \u2013 21.05.28.08. \u2013 03.09.\" class=\"mtr-td-tag\"><div class=\"mtr-cell-content\"><\/div><\/td><td data-mtr-content=\"22.05. \u2013 09.07.16.08. \u2013 27.08.\" class=\"mtr-td-tag\"><div class=\"mtr-cell-content\"><\/div><\/td><td data-mtr-content=\"10.07. \u2013 15.08.\" class=\"mtr-td-tag\"><div class=\"mtr-cell-content\"><\/div><\/td>\n<\/tr>\n\n<tr>\n  <td data-mtr-content=\"\u20acuro \/ Dan\" class=\"mtr-td-tag\"><div class=\"mtr-cell-content\">PAS<\/div><\/td>\n  <td data-mtr-content=\"17.04. \u2013 29.04.\" class=\"mtr-td-tag\"><div class=\"mtr-cell-content\">6,50 \u20ac<\/div><\/td><td data-mtr-content=\"30.04. \u2013 14.05.04.09. \u2013 30.09.\" class=\"mtr-td-tag\"><div class=\"mtr-cell-content\">6,50 \u20ac<\/div><\/td><td data-mtr-content=\"15.05. \u2013 21.05.28.08. \u2013 03.09.\" class=\"mtr-td-tag\"><div class=\"mtr-cell-content\">8,50 \u20ac<\/div><\/td><td data-mtr-content=\"22.05. \u2013 09.07.16.08. \u2013 27.08.\" class=\"mtr-td-tag\"><div class=\"mtr-cell-content\">8,50 \u20ac<\/div><\/td><td data-mtr-content=\"10.07. \u2013 15.08.\" class=\"mtr-td-tag\"><div class=\"mtr-cell-content\">8,50 \u20ac<\/div><\/td>\n<\/tr>\n\n<tr>\n  <td data-mtr-content=\"\u20acuro \/ Dan\" class=\"mtr-td-tag\"><div class=\"mtr-cell-content\">SEF \/ SAFE \u2013 DEPOSIT BOX<\/div><\/td>\n  <td data-mtr-content=\"17.04. \u2013 29.04.\" class=\"mtr-td-tag\"><div class=\"mtr-cell-content\">3,00 \u20ac<\/div><\/td><td data-mtr-content=\"30.04. \u2013 14.05.04.09. \u2013 30.09.\" class=\"mtr-td-tag\"><div class=\"mtr-cell-content\"><\/div><\/td><td data-mtr-content=\"15.05. \u2013 21.05.28.08. \u2013 03.09.\" class=\"mtr-td-tag\"><div class=\"mtr-cell-content\"><\/div><\/td><td data-mtr-content=\"22.05. \u2013 09.07.16.08. \u2013 27.08.\" class=\"mtr-td-tag\"><div class=\"mtr-cell-content\"><\/div><\/td><td data-mtr-content=\"10.07. \u2013 15.08.\" class=\"mtr-td-tag\"><div class=\"mtr-cell-content\"><\/div><\/td>\n<\/tr>\n\n<\/tbody>\n<\/table><\/figure>\n\n\n\n<figure class=\"wp-block-table\"><table class=\"has-fixed-layout mtr-table mtr-tr-td\">\n<tbody>\n\n<tr>\n  <td data-mtr-content=\"TURISTI\u010cKA PRISTOJBA\" class=\"mtr-td-tag\"><div class=\"mtr-cell-content\"><strong>TURISTI\u010cKA PRISTOJBA<\/strong><\/div><\/td>\n  <td data-mtr-content=\"01.01.\u201331.03. \/ 01.10.\u201331.12.\" class=\"mtr-td-tag\"><div class=\"mtr-cell-content\"><strong>01.01.\u201331.03. \/ 01.10.\u201331.12.<\/strong><\/div><\/td>\n  <td data-mtr-content=\"01.04.\u201330.09.\" class=\"mtr-td-tag\"><div class=\"mtr-cell-content\"><strong>01.04.\u201330.09.<\/strong><\/div><\/td>\n<\/tr>\n\n<tr>\n  <td data-mtr-content=\"TURISTI\u010cKA PRISTOJBA\" class=\"mtr-td-tag\"><div class=\"mtr-cell-content\">Osoba 18+<\/div><\/td>\n  <td data-mtr-content=\"01.01.\u201331.03. \/ 01.10.\u201331.12.\" class=\"mtr-td-tag\"><div class=\"mtr-cell-content\">1,30 \u20ac<\/div><\/td>\n  <td data-mtr-content=\"01.04.\u201330.09.\" class=\"mtr-td-tag\"><div class=\"mtr-cell-content\">1,95 \u20ac<\/div><\/td>\n<\/tr>\n\n<tr>\n  <td data-mtr-content=\"TURISTI\u010cKA PRISTOJBA\" class=\"mtr-td-tag\"><div class=\"mtr-cell-content\">Osoba 12 \u2013 17,99<\/div><\/td>\n  <td data-mtr-content=\"01.01.\u201331.03. \/ 01.10.\u201331.12.\" class=\"mtr-td-tag\"><div class=\"mtr-cell-content\">0,65 \u20ac<\/div><\/td>\n  <td data-mtr-content=\"01.04.\u201330.09.\" class=\"mtr-td-tag\"><div class=\"mtr-cell-content\">0,98 \u20ac<\/div><\/td>\n<\/tr>\n\n<\/tbody>\n<\/table><\/figure>\n\n\n\n<ul class=\"wp-block-list\">\n  <li>Trenutno raspolo\u017eive dnevne cijene podlo\u017ene su izmjenama.<\/li>\n  <li>Dnevna cijena parcele ili kamp mjesta uklju\u010duje: jednu kamp prikolicu\/\u0161ator + auto\/motor ili jedan kamper\/minivan.<\/li>\n  <li>\u010clanovi HAK, CCI, ADAC, ANWB, ACSI, Avtokampi.si ostvaruju 10% popusta na cijenu osoba. \u010clanovi INF ostvaruju 15% popusta na cijenu osoba. Popust se primjenjuje za boravak du\u017ei od tri dana. Mo\u017ee se koristiti samo jedan popust. \u010clanske iskaznice moraju se predo\u010diti pri prijavi, naknadno se ne priznaju.<\/li>\n  <li>Cijena prazne prikolice ili \u0161atora u kampu iznosi 85,00 \u20ac po danu.<\/li>\n<\/ul>\n","protected":false},"excerpt":{"rendered":"<p>\u20acuro \/ Dan 17.04. \u2013 29.04. 30.04. \u2013 14.05.04.09. \u2013 30.09. 15.05. \u2013 21.05.28.08. \u2013 03.09. 22.05. \u2013 09.07.16.08. \u2013 27.08. 10.07. \u2013 15.08. PO OSOBI 7,20 \u20ac 9,20 \u20ac 11,50 \u20ac 11,80 \u20ac 14,00 \u20ac DJECA 7 \u2013 11,99 GODINA 3,35 \u20ac 4,60 \u20ac 6,70 \u20ac 7,80 \u20ac 8,20 \u20ac DJECA 0 \u2013 6,99 [&hellip;]<\/p>\n","protected":false},"author":1,"featured_media":0,"parent":2257,"menu_order":30,"comment_status":"closed","ping_status":"closed","template":"","meta":{"slim_seo":{"title":"Naturist Camping Konobe - cjenik - Camping Punat - Managed by Falkensteiner","description":"\u20acuro \/ Dan 17.04. - 29.04. 30.04. - 14.05. 04.09. - 30.09. 15.05. - 21.05. 28.08. - 03.09. 22.05. - 09.07. 16.08. - 27.08. 10.07. \u2013 15.08. PO OSOBI 7,20 \u20ac 9,20"},"footnotes":""},"class_list":["post-2291","page","type-page","status-publish","hentry"],"acpt":null,"_links":{"self":[{"href":"https:\/\/campingpunat.com\/hr\/wp-json\/wp\/v2\/pages\/2291","targetHints":{"allow":["GET"]}}],"collection":[{"href":"https:\/\/campingpunat.com\/hr\/wp-json\/wp\/v2\/pages"}],"about":[{"href":"https:\/\/campingpunat.com\/hr\/wp-json\/wp\/v2\/types\/page"}],"author":[{"embeddable":true,"href":"https:\/\/campingpunat.com\/hr\/wp-json\/wp\/v2\/users\/1"}],"replies":[{"embeddable":true,"href":"https:\/\/campingpunat.com\/hr\/wp-json\/wp\/v2\/comments?post=2291"}],"version-history":[{"count":2,"href":"https:\/\/campingpunat.com\/hr\/wp-json\/wp\/v2\/pages\/2291\/revisions"}],"predecessor-version":[{"id":3214,"href":"https:\/\/campingpunat.com\/hr\/wp-json\/wp\/v2\/pages\/2291\/revisions\/3214"}],"up":[{"embeddable":true,"href":"https:\/\/campingpunat.com\/hr\/wp-json\/wp\/v2\/pages\/2257"}],"wp:attachment":[{"href":"https:\/\/campingpunat.com\/hr\/wp-json\/wp\/v2\/media?parent=2291"}],"curies":[{"name":"wp","href":"https:\/\/api.w.org\/{rel}","templated":true}]}}