{"id":2257,"date":"2025-02-19T16:23:22","date_gmt":"2025-02-19T15:23:22","guid":{"rendered":"https:\/\/campingpunat.com\/?page_id=2257"},"modified":"2025-04-16T11:21:26","modified_gmt":"2025-04-16T09:21:26","slug":"naturist-camping-konobe","status":"publish","type":"page","link":"https:\/\/campingpunat.com\/hr\/naturist-camping-konobe\/","title":{"rendered":"Naturist Camping Konobe"},"content":{"rendered":"","protected":false},"excerpt":{"rendered":"","protected":false},"author":1,"featured_media":0,"parent":0,"menu_order":24,"comment_status":"closed","ping_status":"closed","template":"","meta":{"slim_seo":{"title":"Naturist Camping Konobe - Camping Punat - Managed by Falkensteiner","description":"Naturist Camping Konobe Zbog svog izuzetnog terasastog polo\u017eaja, netaknutog i o\u010duvanog okoli\u0161a na\u0161 kamp nudi potpuni odmor kakvog se rijetko danas mo\u017ee do\u017eivjet"},"footnotes":""},"class_list":["post-2257","page","type-page","status-publish","hentry"],"acpt":null,"_links":{"self":[{"href":"https:\/\/campingpunat.com\/hr\/wp-json\/wp\/v2\/pages\/2257","targetHints":{"allow":["GET"]}}],"collection":[{"href":"https:\/\/campingpunat.com\/hr\/wp-json\/wp\/v2\/pages"}],"about":[{"href":"https:\/\/campingpunat.com\/hr\/wp-json\/wp\/v2\/types\/page"}],"author":[{"embeddable":true,"href":"https:\/\/campingpunat.com\/hr\/wp-json\/wp\/v2\/users\/1"}],"replies":[{"embeddable":true,"href":"https:\/\/campingpunat.com\/hr\/wp-json\/wp\/v2\/comments?post=2257"}],"version-history":[{"count":0,"href":"https:\/\/campingpunat.com\/hr\/wp-json\/wp\/v2\/pages\/2257\/revisions"}],"wp:attachment":[{"href":"https:\/\/campingpunat.com\/hr\/wp-json\/wp\/v2\/media?parent=2257"}],"curies":[{"name":"wp","href":"https:\/\/api.w.org\/{rel}","templated":true}]}}