{"id":2233,"date":"2025-02-19T14:52:02","date_gmt":"2025-02-19T13:52:02","guid":{"rendered":"https:\/\/campingpunat.com\/?page_id=2233"},"modified":"2025-12-02T15:25:24","modified_gmt":"2025-12-02T14:25:24","slug":"camping-pila-cjenik","status":"publish","type":"page","link":"https:\/\/campingpunat.com\/hr\/camping-pila\/camping-pila-cjenik\/","title":{"rendered":"Camping Pila &#8211; cjenik"},"content":{"rendered":"\n<figure class=\"wp-block-table\"><table class=\"has-fixed-layout mtr-table mtr-tr-td\">\n<tbody>\n<tr>\n  <td data-mtr-content=\"\u20acuro \/ Dan\" class=\"mtr-td-tag\"><div class=\"mtr-cell-content\"><strong>\u20acuro \/ Dan<\/strong><\/div><\/td>\n<td data-mtr-content=\"17.04. \u2013 29.04.\" class=\"mtr-td-tag\"><div class=\"mtr-cell-content\"><strong>17.04. \u2013 29.04.<\/strong><\/div><\/td>\n  <td data-mtr-content=\"30.04. \u2013 14.05.04.09. \u2013 30.09.\" class=\"mtr-td-tag\"><div class=\"mtr-cell-content\"><strong>30.04. \u2013 14.05.<\/strong><br><strong>04.09. \u2013 30.09.<\/strong><\/div><\/td>\n  <td data-mtr-content=\"15.05. \u2013 21.05.28.08. \u2013 03.09.\" class=\"mtr-td-tag\"><div class=\"mtr-cell-content\"><strong>15.05. \u2013 21.05.<\/strong><br><strong>28.08. \u2013 03.09.<\/strong><\/div><\/td>\n  <td data-mtr-content=\"22.05. \u2013 09.07.16.08. \u2013 27.08.\" class=\"mtr-td-tag\"><div class=\"mtr-cell-content\"><strong>22.05. \u2013 09.07.<\/strong><br><strong>16.08. \u2013 27.08.<\/strong><\/div><\/td>\n  <td data-mtr-content=\"10.07. \u2013 15.08.\" class=\"mtr-td-tag\"><div class=\"mtr-cell-content\"><strong>10.07. \u2013 15.08.<\/strong><\/div><\/td>\n<\/tr>\n\n<tr>\n  <td data-mtr-content=\"\u20acuro \/ Dan\" class=\"mtr-td-tag\"><div class=\"mtr-cell-content\">PO OSOBI<\/div><\/td>\n  <td data-mtr-content=\"17.04. \u2013 29.04.\" class=\"mtr-td-tag\"><div class=\"mtr-cell-content\">5,70 \u20ac<\/div><\/td><td data-mtr-content=\"30.04. \u2013 14.05.04.09. \u2013 30.09.\" class=\"mtr-td-tag\"><div class=\"mtr-cell-content\">7,20 \u20ac<\/div><\/td><td data-mtr-content=\"15.05. \u2013 21.05.28.08. \u2013 03.09.\" class=\"mtr-td-tag\"><div class=\"mtr-cell-content\">9,20 \u20ac<\/div><\/td><td data-mtr-content=\"22.05. \u2013 09.07.16.08. \u2013 27.08.\" class=\"mtr-td-tag\"><div class=\"mtr-cell-content\">11,50 \u20ac<\/div><\/td><td data-mtr-content=\"10.07. \u2013 15.08.\" class=\"mtr-td-tag\"><div class=\"mtr-cell-content\">11,80 \u20ac<\/div><\/td>\n<\/tr>\n\n<tr>\n  <td data-mtr-content=\"\u20acuro \/ Dan\" class=\"mtr-td-tag\"><div class=\"mtr-cell-content\">DJECA DO 6,99 GODINA<\/div><\/td>\n  <td data-mtr-content=\"17.04. \u2013 29.04.\" class=\"mtr-td-tag\"><div class=\"mtr-cell-content\">0,00 \u20ac<\/div><\/td><td data-mtr-content=\"30.04. \u2013 14.05.04.09. \u2013 30.09.\" class=\"mtr-td-tag\"><div class=\"mtr-cell-content\">0,00 \u20ac<\/div><\/td><td data-mtr-content=\"15.05. \u2013 21.05.28.08. \u2013 03.09.\" class=\"mtr-td-tag\"><div class=\"mtr-cell-content\">0,00 \u20ac<\/div><\/td><td data-mtr-content=\"22.05. \u2013 09.07.16.08. \u2013 27.08.\" class=\"mtr-td-tag\"><div class=\"mtr-cell-content\">0,00 \u20ac<\/div><\/td><td data-mtr-content=\"10.07. \u2013 15.08.\" class=\"mtr-td-tag\"><div class=\"mtr-cell-content\">0,00 \u20ac<\/div><\/td>\n<\/tr>\n\n<tr>\n  <td data-mtr-content=\"\u20acuro \/ Dan\" class=\"mtr-td-tag\"><div class=\"mtr-cell-content\">DJECA 7 \u2013 11,99 GODINA<\/div><\/td>\n  <td data-mtr-content=\"17.04. \u2013 29.04.\" class=\"mtr-td-tag\"><div class=\"mtr-cell-content\">2,65 \u20ac<\/div><\/td><td data-mtr-content=\"30.04. \u2013 14.05.04.09. \u2013 30.09.\" class=\"mtr-td-tag\"><div class=\"mtr-cell-content\">3,80 \u20ac<\/div><\/td><td data-mtr-content=\"15.05. \u2013 21.05.28.08. \u2013 03.09.\" class=\"mtr-td-tag\"><div class=\"mtr-cell-content\">5,70 \u20ac<\/div><\/td><td data-mtr-content=\"22.05. \u2013 09.07.16.08. \u2013 27.08.\" class=\"mtr-td-tag\"><div class=\"mtr-cell-content\">7,00 \u20ac<\/div><\/td><td data-mtr-content=\"10.07. \u2013 15.08.\" class=\"mtr-td-tag\"><div class=\"mtr-cell-content\">7,20 \u20ac<\/div><\/td>\n<\/tr>\n\n<tr>\n  <td data-mtr-content=\"\u20acuro \/ Dan\" class=\"mtr-td-tag\"><div class=\"mtr-cell-content\">PARCELA COMFORT<\/div><\/td>\n  <td data-mtr-content=\"17.04. \u2013 29.04.\" class=\"mtr-td-tag\"><div class=\"mtr-cell-content\">18,40 \u20ac<\/div><\/td><td data-mtr-content=\"30.04. \u2013 14.05.04.09. \u2013 30.09.\" class=\"mtr-td-tag\"><div class=\"mtr-cell-content\">23,50 \u20ac<\/div><\/td><td data-mtr-content=\"15.05. \u2013 21.05.28.08. \u2013 03.09.\" class=\"mtr-td-tag\"><div class=\"mtr-cell-content\">28,50 \u20ac<\/div><\/td><td data-mtr-content=\"22.05. \u2013 09.07.16.08. \u2013 27.08.\" class=\"mtr-td-tag\"><div class=\"mtr-cell-content\">33,80 \u20ac<\/div><\/td><td data-mtr-content=\"10.07. \u2013 15.08.\" class=\"mtr-td-tag\"><div class=\"mtr-cell-content\">35,00 \u20ac<\/div><\/td>\n<\/tr>\n\n<tr>\n  <td data-mtr-content=\"\u20acuro \/ Dan\" class=\"mtr-td-tag\"><div class=\"mtr-cell-content\">PARCELA STANDARD<\/div><\/td>\n  <td data-mtr-content=\"17.04. \u2013 29.04.\" class=\"mtr-td-tag\"><div class=\"mtr-cell-content\">15,90 \u20ac<\/div><\/td><td data-mtr-content=\"30.04. \u2013 14.05.04.09. \u2013 30.09.\" class=\"mtr-td-tag\"><div class=\"mtr-cell-content\">19,60 \u20ac<\/div><\/td><td data-mtr-content=\"15.05. \u2013 21.05.28.08. \u2013 03.09.\" class=\"mtr-td-tag\"><div class=\"mtr-cell-content\">23,90 \u20ac<\/div><\/td><td data-mtr-content=\"22.05. \u2013 09.07.16.08. \u2013 27.08.\" class=\"mtr-td-tag\"><div class=\"mtr-cell-content\">26,50 \u20ac<\/div><\/td><td data-mtr-content=\"10.07. \u2013 15.08.\" class=\"mtr-td-tag\"><div class=\"mtr-cell-content\">27,50 \u20ac<\/div><\/td>\n<\/tr>\n\n<tr>\n  <td data-mtr-content=\"\u20acuro \/ Dan\" class=\"mtr-td-tag\"><div class=\"mtr-cell-content\">KAMP MJESTO SA STRUJOM<\/div><\/td>\n  <td data-mtr-content=\"17.04. \u2013 29.04.\" class=\"mtr-td-tag\"><div class=\"mtr-cell-content\">14,20 \u20ac<\/div><\/td><td data-mtr-content=\"30.04. \u2013 14.05.04.09. \u2013 30.09.\" class=\"mtr-td-tag\"><div class=\"mtr-cell-content\">17,70 \u20ac<\/div><\/td><td data-mtr-content=\"15.05. \u2013 21.05.28.08. \u2013 03.09.\" class=\"mtr-td-tag\"><div class=\"mtr-cell-content\">20,10 \u20ac<\/div><\/td><td data-mtr-content=\"22.05. \u2013 09.07.16.08. \u2013 27.08.\" class=\"mtr-td-tag\"><div class=\"mtr-cell-content\">24,20 \u20ac<\/div><\/td><td data-mtr-content=\"10.07. \u2013 15.08.\" class=\"mtr-td-tag\"><div class=\"mtr-cell-content\">25,20 \u20ac<\/div><\/td>\n<\/tr>\n\n<tr>\n  <td data-mtr-content=\"\u20acuro \/ Dan\" class=\"mtr-td-tag\"><div class=\"mtr-cell-content\">KAMP MJESTO BEZ STRUJE<\/div><\/td>\n  <td data-mtr-content=\"17.04. \u2013 29.04.\" class=\"mtr-td-tag\"><div class=\"mtr-cell-content\">10,10 \u20ac<\/div><\/td><td data-mtr-content=\"30.04. \u2013 14.05.04.09. \u2013 30.09.\" class=\"mtr-td-tag\"><div class=\"mtr-cell-content\">12,80 \u20ac<\/div><\/td><td data-mtr-content=\"15.05. \u2013 21.05.28.08. \u2013 03.09.\" class=\"mtr-td-tag\"><div class=\"mtr-cell-content\">15,70 \u20ac<\/div><\/td><td data-mtr-content=\"22.05. \u2013 09.07.16.08. \u2013 27.08.\" class=\"mtr-td-tag\"><div class=\"mtr-cell-content\">19,40 \u20ac<\/div><\/td><td data-mtr-content=\"10.07. \u2013 15.08.\" class=\"mtr-td-tag\"><div class=\"mtr-cell-content\">20,00 \u20ac<\/div><\/td>\n<\/tr>\n\n<tr>\n  <td data-mtr-content=\"\u20acuro \/ Dan\" class=\"mtr-td-tag\"><div class=\"mtr-cell-content\">\u0160ATOR \/ AUTOMOBIL EXTRA<\/div><\/td>\n  <td data-mtr-content=\"17.04. \u2013 29.04.\" class=\"mtr-td-tag\"><div class=\"mtr-cell-content\">3,30 \u20ac<\/div><\/td><td data-mtr-content=\"30.04. \u2013 14.05.04.09. \u2013 30.09.\" class=\"mtr-td-tag\"><div class=\"mtr-cell-content\">4,50 \u20ac<\/div><\/td><td data-mtr-content=\"15.05. \u2013 21.05.28.08. \u2013 03.09.\" class=\"mtr-td-tag\"><div class=\"mtr-cell-content\">5,80 \u20ac<\/div><\/td><td data-mtr-content=\"22.05. \u2013 09.07.16.08. \u2013 27.08.\" class=\"mtr-td-tag\"><div class=\"mtr-cell-content\">7,00 \u20ac<\/div><\/td><td data-mtr-content=\"10.07. \u2013 15.08.\" class=\"mtr-td-tag\"><div class=\"mtr-cell-content\">7,30 \u20ac<\/div><\/td>\n<\/tr>\n\n<tr>\n  <td data-mtr-content=\"\u20acuro \/ Dan\" class=\"mtr-td-tag\"><div class=\"mtr-cell-content\">MOTOCIKL EXTRA<\/div><\/td>\n  <td data-mtr-content=\"17.04. \u2013 29.04.\" class=\"mtr-td-tag\"><div class=\"mtr-cell-content\">2,70 \u20ac<\/div><\/td><td data-mtr-content=\"30.04. \u2013 14.05.04.09. \u2013 30.09.\" class=\"mtr-td-tag\"><div class=\"mtr-cell-content\">3,90 \u20ac<\/div><\/td><td data-mtr-content=\"15.05. \u2013 21.05.28.08. \u2013 03.09.\" class=\"mtr-td-tag\"><div class=\"mtr-cell-content\">5,20 \u20ac<\/div><\/td><td data-mtr-content=\"22.05. \u2013 09.07.16.08. \u2013 27.08.\" class=\"mtr-td-tag\"><div class=\"mtr-cell-content\">6,50 \u20ac<\/div><\/td><td data-mtr-content=\"10.07. \u2013 15.08.\" class=\"mtr-td-tag\"><div class=\"mtr-cell-content\">7,00 \u20ac<\/div><\/td>\n<\/tr>\n\n<tr>\n  <td data-mtr-content=\"\u20acuro \/ Dan\" class=\"mtr-td-tag\"><div class=\"mtr-cell-content\">PARKING \u2013 BRODSKA PRIKOLICA ILI AUTO<\/div><\/td>\n  <td data-mtr-content=\"17.04. \u2013 29.04.\" class=\"mtr-td-tag\"><div class=\"mtr-cell-content\">9,00 \u20ac<\/div><\/td><td data-mtr-content=\"30.04. \u2013 14.05.04.09. \u2013 30.09.\" class=\"mtr-td-tag\"><div class=\"mtr-cell-content\">9,00 \u20ac<\/div><\/td><td data-mtr-content=\"15.05. \u2013 21.05.28.08. \u2013 03.09.\" class=\"mtr-td-tag\"><div class=\"mtr-cell-content\">9,00 \u20ac<\/div><\/td><td data-mtr-content=\"22.05. \u2013 09.07.16.08. \u2013 27.08.\" class=\"mtr-td-tag\"><div class=\"mtr-cell-content\">9,00 \u20ac<\/div><\/td><td data-mtr-content=\"10.07. \u2013 15.08.\" class=\"mtr-td-tag\"><div class=\"mtr-cell-content\">9,50 \u20ac<\/div><\/td>\n<\/tr>\n\n<tr>\n  <td data-mtr-content=\"\u20acuro \/ Dan\" class=\"mtr-td-tag\"><div class=\"mtr-cell-content\">PAS<\/div><\/td>\n  <td data-mtr-content=\"17.04. \u2013 29.04.\" class=\"mtr-td-tag\"><div class=\"mtr-cell-content\">6,50 \u20ac<\/div><\/td><td data-mtr-content=\"30.04. \u2013 14.05.04.09. \u2013 30.09.\" class=\"mtr-td-tag\"><div class=\"mtr-cell-content\">6,50 \u20ac<\/div><\/td><td data-mtr-content=\"15.05. \u2013 21.05.28.08. \u2013 03.09.\" class=\"mtr-td-tag\"><div class=\"mtr-cell-content\">7,00 \u20ac<\/div><\/td><td data-mtr-content=\"22.05. \u2013 09.07.16.08. \u2013 27.08.\" class=\"mtr-td-tag\"><div class=\"mtr-cell-content\">7,00 \u20ac<\/div><\/td><td data-mtr-content=\"10.07. \u2013 15.08.\" class=\"mtr-td-tag\"><div class=\"mtr-cell-content\">7,00 \u20ac<\/div><\/td>\n<\/tr>\n\n<tr>\n  <td data-mtr-content=\"\u20acuro \/ Dan\" class=\"mtr-td-tag\"><div class=\"mtr-cell-content\">SEF \/ SAFE \u2013 DEPOSIT BOX<\/div><\/td>\n  <td data-mtr-content=\"17.04. \u2013 29.04.\" class=\"mtr-td-tag\"><div class=\"mtr-cell-content\">3,40 \u20ac<\/div><\/td><td data-mtr-content=\"30.04. \u2013 14.05.04.09. \u2013 30.09.\" class=\"mtr-td-tag\"><div class=\"mtr-cell-content\"><\/div><\/td><td data-mtr-content=\"15.05. \u2013 21.05.28.08. \u2013 03.09.\" class=\"mtr-td-tag\"><div class=\"mtr-cell-content\"><\/div><\/td><td data-mtr-content=\"22.05. \u2013 09.07.16.08. \u2013 27.08.\" class=\"mtr-td-tag\"><div class=\"mtr-cell-content\"><\/div><\/td><td data-mtr-content=\"10.07. \u2013 15.08.\" class=\"mtr-td-tag\"><div class=\"mtr-cell-content\"><\/div><\/td>\n<\/tr>\n\n<\/tbody>\n<\/table><\/figure>\n\n\n\n<figure class=\"wp-block-table\"><table class=\"has-fixed-layout mtr-table mtr-tr-td\">\n<tbody>\n<tr>\n  <td data-mtr-content=\"TURISTI\u010cKA PRISTOJBA\" class=\"mtr-td-tag\"><div class=\"mtr-cell-content\"><strong>TURISTI\u010cKA PRISTOJBA<\/strong><\/div><\/td>\n  <td data-mtr-content=\"01.04.-30.09.\" class=\"mtr-td-tag\"><div class=\"mtr-cell-content\"><strong>01.04.-30.09.<\/strong><\/div><\/td>\n  <td data-mtr-content=\"01.10.-31.03.\" class=\"mtr-td-tag\"><div class=\"mtr-cell-content\"><strong>01.10.-31.03.<\/strong><\/div><\/td>\n<\/tr>\n\n<tr>\n  <td data-mtr-content=\"TURISTI\u010cKA PRISTOJBA\" class=\"mtr-td-tag\"><div class=\"mtr-cell-content\">Osoba 18 &gt;<\/div><\/td>\n  <td data-mtr-content=\"01.04.-30.09.\" class=\"mtr-td-tag\"><div class=\"mtr-cell-content\">1,95 \u20ac<\/div><\/td>\n  <td data-mtr-content=\"01.10.-31.03.\" class=\"mtr-td-tag\"><div class=\"mtr-cell-content\">1,30 \u20ac<\/div><\/td>\n<\/tr>\n\n<tr>\n  <td data-mtr-content=\"TURISTI\u010cKA PRISTOJBA\" class=\"mtr-td-tag\"><div class=\"mtr-cell-content\">Osoba 12 \u2013 17,99<\/div><\/td>\n  <td data-mtr-content=\"01.04.-30.09.\" class=\"mtr-td-tag\"><div class=\"mtr-cell-content\">0,98 \u20ac<\/div><\/td>\n  <td data-mtr-content=\"01.10.-31.03.\" class=\"mtr-td-tag\"><div class=\"mtr-cell-content\">0,65 \u20ac<\/div><\/td>\n<\/tr>\n\n<\/tbody>\n<\/table><\/figure>\n\n\n\n<ul class=\"wp-block-list\">\n  <li>Dnevna cijena parcele ili kamp mjesta uklju\u010duje: jednu kamp prikolicu\/\u0161ator + auto\/motor ili jedan kamper\/minivan.<\/li>\n  <li>Trenutno raspolo\u017eive dnevne cijene podlo\u017ene su izmjenama.<\/li>\n  <li>\u010clanovi HAK, CCI, ADAC, ANWB, ACSI, Avtokampi.si imaju pravo na 10% popusta na cijenu osoba, uz obavezno predo\u010denje \u010dlanske iskaznice kod prijave. Popust se obra\u010dunava za boravak du\u017ei od tri dana. Mo\u017ee se koristiti samo jedan od navedenih popusta.<\/li>\n  <li>Cijena prazne prikolice ili \u0161atora u kampu iznosi 60,00 \u20ac. Pau\u0161alna cijena za brodsku prikolicu na parkingu iznosi 400,00 \u20ac.<\/li>\n<\/ul>\n","protected":false},"excerpt":{"rendered":"<p>\u20acuro \/ Dan 17.04. \u2013 29.04. 30.04. \u2013 14.05.04.09. \u2013 30.09. 15.05. \u2013 21.05.28.08. \u2013 03.09. 22.05. \u2013 09.07.16.08. \u2013 27.08. 10.07. \u2013 15.08. PO OSOBI 5,70 \u20ac 7,20 \u20ac 9,20 \u20ac 11,50 \u20ac 11,80 \u20ac DJECA DO 6,99 GODINA 0,00 \u20ac 0,00 \u20ac 0,00 \u20ac 0,00 \u20ac 0,00 \u20ac DJECA 7 \u2013 11,99 GODINA [&hellip;]<\/p>\n","protected":false},"author":1,"featured_media":0,"parent":2125,"menu_order":14,"comment_status":"closed","ping_status":"closed","template":"","meta":{"slim_seo":{"title":"Camping Pila - cjenik - Camping Punat - Managed by Falkensteiner","description":"\u20acuro \/ Dan 17.04. - 29.04. 30.04. - 14.05. 04.09. - 30.09. 15.05. - 21.05. 28.08. - 03.09. 22.05. - 09.07. 16.08. - 27.08. 10.07. \u2013 15.08. PO OSOBI 5,70 \u20ac 7,20"},"footnotes":""},"class_list":["post-2233","page","type-page","status-publish","hentry"],"acpt":null,"_links":{"self":[{"href":"https:\/\/campingpunat.com\/hr\/wp-json\/wp\/v2\/pages\/2233","targetHints":{"allow":["GET"]}}],"collection":[{"href":"https:\/\/campingpunat.com\/hr\/wp-json\/wp\/v2\/pages"}],"about":[{"href":"https:\/\/campingpunat.com\/hr\/wp-json\/wp\/v2\/types\/page"}],"author":[{"embeddable":true,"href":"https:\/\/campingpunat.com\/hr\/wp-json\/wp\/v2\/users\/1"}],"replies":[{"embeddable":true,"href":"https:\/\/campingpunat.com\/hr\/wp-json\/wp\/v2\/comments?post=2233"}],"version-history":[{"count":7,"href":"https:\/\/campingpunat.com\/hr\/wp-json\/wp\/v2\/pages\/2233\/revisions"}],"predecessor-version":[{"id":3207,"href":"https:\/\/campingpunat.com\/hr\/wp-json\/wp\/v2\/pages\/2233\/revisions\/3207"}],"up":[{"embeddable":true,"href":"https:\/\/campingpunat.com\/hr\/wp-json\/wp\/v2\/pages\/2125"}],"wp:attachment":[{"href":"https:\/\/campingpunat.com\/hr\/wp-json\/wp\/v2\/media?parent=2233"}],"curies":[{"name":"wp","href":"https:\/\/api.w.org\/{rel}","templated":true}]}}