{"id":2125,"date":"2025-02-11T16:20:10","date_gmt":"2025-02-11T16:20:10","guid":{"rendered":"https:\/\/campingpunat.com\/?page_id=2125"},"modified":"2025-03-28T10:23:00","modified_gmt":"2025-03-28T09:23:00","slug":"camping-pila","status":"publish","type":"page","link":"https:\/\/campingpunat.com\/hr\/camping-pila\/","title":{"rendered":"Camping Pila"},"content":{"rendered":"","protected":false},"excerpt":{"rendered":"","protected":false},"author":1,"featured_media":0,"parent":0,"menu_order":10,"comment_status":"closed","ping_status":"closed","template":"","meta":{"slim_seo":{"title":"Camping Pila - Camping Punat - Managed by Falkensteiner","description":"Camping Pila Provedite nezaboravan odmor na najbli\u017eem Zlatnom otoku Krk u na\u0161em kampu tik uz more!&nbsp; Za va\u0161 potpuni odmor u kampu je osiguran komforan smje\u0161"},"footnotes":""},"class_list":["post-2125","page","type-page","status-publish","hentry"],"acpt":null,"_links":{"self":[{"href":"https:\/\/campingpunat.com\/hr\/wp-json\/wp\/v2\/pages\/2125","targetHints":{"allow":["GET"]}}],"collection":[{"href":"https:\/\/campingpunat.com\/hr\/wp-json\/wp\/v2\/pages"}],"about":[{"href":"https:\/\/campingpunat.com\/hr\/wp-json\/wp\/v2\/types\/page"}],"author":[{"embeddable":true,"href":"https:\/\/campingpunat.com\/hr\/wp-json\/wp\/v2\/users\/1"}],"replies":[{"embeddable":true,"href":"https:\/\/campingpunat.com\/hr\/wp-json\/wp\/v2\/comments?post=2125"}],"version-history":[{"count":0,"href":"https:\/\/campingpunat.com\/hr\/wp-json\/wp\/v2\/pages\/2125\/revisions"}],"wp:attachment":[{"href":"https:\/\/campingpunat.com\/hr\/wp-json\/wp\/v2\/media?parent=2125"}],"curies":[{"name":"wp","href":"https:\/\/api.w.org\/{rel}","templated":true}]}}