{"id":2897,"date":"2025-02-03T17:05:10","date_gmt":"2025-02-03T16:05:10","guid":{"rendered":"https:\/\/campingpunat.com\/heim\/"},"modified":"2025-04-16T11:49:45","modified_gmt":"2025-04-16T09:49:45","slug":"heim","status":"publish","type":"page","link":"https:\/\/campingpunat.com\/de\/","title":{"rendered":"Heim"},"content":{"rendered":"","protected":false},"excerpt":{"rendered":"","protected":false},"author":1,"featured_media":0,"parent":0,"menu_order":18,"comment_status":"closed","ping_status":"closed","template":"","meta":{"slim_seo":{"title":"Camping Punat - Managed by Falkensteiner - Kampiranje uz more na otoku Krku, Hrvatska","description":"Camping Punat Auf Krk, einer der gr\u00f6\u00dften Inseln der Adria, gibt es den Campingplatz Pila und den Naturist Camping Konobe . W\u00e4hlen Sie einen unserer Campingpl\u00e4tz"},"footnotes":""},"class_list":["post-2897","page","type-page","status-publish","hentry"],"acpt":null,"_links":{"self":[{"href":"https:\/\/campingpunat.com\/de\/wp-json\/wp\/v2\/pages\/2897","targetHints":{"allow":["GET"]}}],"collection":[{"href":"https:\/\/campingpunat.com\/de\/wp-json\/wp\/v2\/pages"}],"about":[{"href":"https:\/\/campingpunat.com\/de\/wp-json\/wp\/v2\/types\/page"}],"author":[{"embeddable":true,"href":"https:\/\/campingpunat.com\/de\/wp-json\/wp\/v2\/users\/1"}],"replies":[{"embeddable":true,"href":"https:\/\/campingpunat.com\/de\/wp-json\/wp\/v2\/comments?post=2897"}],"version-history":[{"count":0,"href":"https:\/\/campingpunat.com\/de\/wp-json\/wp\/v2\/pages\/2897\/revisions"}],"wp:attachment":[{"href":"https:\/\/campingpunat.com\/de\/wp-json\/wp\/v2\/media?parent=2897"}],"curies":[{"name":"wp","href":"https:\/\/api.w.org\/{rel}","templated":true}]}}