{"id":2891,"date":"2025-02-19T14:39:51","date_gmt":"2025-02-19T13:39:51","guid":{"rendered":"https:\/\/campingpunat.com\/campingplatz-pila\/sanitaerbereich-pila\/"},"modified":"2025-02-19T14:39:51","modified_gmt":"2025-02-19T13:39:51","slug":"sanitaerbereich-pila","status":"publish","type":"page","link":"https:\/\/campingpunat.com\/de\/campingplatz-pila\/sanitaerbereich-pila\/","title":{"rendered":"Sanit\u00e4rbereich Pila"},"content":{"rendered":"","protected":false},"excerpt":{"rendered":"","protected":false},"author":1,"featured_media":0,"parent":2760,"menu_order":41,"comment_status":"closed","ping_status":"closed","template":"","meta":{"slim_seo":{"title":"Sanit\u00e4rbereich Pila - Camping Punat - Managed by Falkensteiner","description":"Sanit\u00e4re Anlagen Camping Pila Auf dem Campingplatz gibt es drei Sanit\u00e4ranlagen mit allen notwendigen Hygieneger\u00e4ten. Besonderen Wert legen wir auf die Hygiene a"},"footnotes":""},"class_list":["post-2891","page","type-page","status-publish","hentry"],"acpt":null,"_links":{"self":[{"href":"https:\/\/campingpunat.com\/de\/wp-json\/wp\/v2\/pages\/2891","targetHints":{"allow":["GET"]}}],"collection":[{"href":"https:\/\/campingpunat.com\/de\/wp-json\/wp\/v2\/pages"}],"about":[{"href":"https:\/\/campingpunat.com\/de\/wp-json\/wp\/v2\/types\/page"}],"author":[{"embeddable":true,"href":"https:\/\/campingpunat.com\/de\/wp-json\/wp\/v2\/users\/1"}],"replies":[{"embeddable":true,"href":"https:\/\/campingpunat.com\/de\/wp-json\/wp\/v2\/comments?post=2891"}],"version-history":[{"count":0,"href":"https:\/\/campingpunat.com\/de\/wp-json\/wp\/v2\/pages\/2891\/revisions"}],"up":[{"embeddable":true,"href":"https:\/\/campingpunat.com\/de\/wp-json\/wp\/v2\/pages\/2760"}],"wp:attachment":[{"href":"https:\/\/campingpunat.com\/de\/wp-json\/wp\/v2\/media?parent=2891"}],"curies":[{"name":"wp","href":"https:\/\/api.w.org\/{rel}","templated":true}]}}