{"id":2882,"date":"2025-02-19T16:23:22","date_gmt":"2025-02-19T15:23:22","guid":{"rendered":"https:\/\/campingpunat.com\/fkk-campingplatz-konobe\/"},"modified":"2025-04-16T11:52:50","modified_gmt":"2025-04-16T09:52:50","slug":"fkk-campingplatz-konobe","status":"publish","type":"page","link":"https:\/\/campingpunat.com\/de\/fkk-campingplatz-konobe\/","title":{"rendered":"Naturist Camping Konobe"},"content":{"rendered":"","protected":false},"excerpt":{"rendered":"","protected":false},"author":1,"featured_media":0,"parent":0,"menu_order":21,"comment_status":"closed","ping_status":"closed","template":"","meta":{"slim_seo":{"title":"Naturist Camping Konobe - Camping Punat - Managed by Falkensteiner","description":"Naturist Camping Konobe Aufgrund seiner au\u00dfergew\u00f6hnlichen Terrassenlage, der unber\u00fchrten und erhaltenen Umgebung bietet unser Campingplatz einen kompletten Urla"},"footnotes":""},"class_list":["post-2882","page","type-page","status-publish","hentry"],"acpt":null,"_links":{"self":[{"href":"https:\/\/campingpunat.com\/de\/wp-json\/wp\/v2\/pages\/2882","targetHints":{"allow":["GET"]}}],"collection":[{"href":"https:\/\/campingpunat.com\/de\/wp-json\/wp\/v2\/pages"}],"about":[{"href":"https:\/\/campingpunat.com\/de\/wp-json\/wp\/v2\/types\/page"}],"author":[{"embeddable":true,"href":"https:\/\/campingpunat.com\/de\/wp-json\/wp\/v2\/users\/1"}],"replies":[{"embeddable":true,"href":"https:\/\/campingpunat.com\/de\/wp-json\/wp\/v2\/comments?post=2882"}],"version-history":[{"count":0,"href":"https:\/\/campingpunat.com\/de\/wp-json\/wp\/v2\/pages\/2882\/revisions"}],"wp:attachment":[{"href":"https:\/\/campingpunat.com\/de\/wp-json\/wp\/v2\/media?parent=2882"}],"curies":[{"name":"wp","href":"https:\/\/api.w.org\/{rel}","templated":true}]}}