{"id":2878,"date":"2025-02-19T14:52:02","date_gmt":"2025-02-19T13:52:02","guid":{"rendered":"https:\/\/campingpunat.com\/campingplatz-pila\/camping-pila-preisliste-2025\/"},"modified":"2025-12-02T15:29:04","modified_gmt":"2025-12-02T14:29:04","slug":"camping-pila-preisliste","status":"publish","type":"page","link":"https:\/\/campingpunat.com\/de\/campingplatz-pila\/camping-pila-preisliste\/","title":{"rendered":"Camping Pila &#8211; Preisliste"},"content":{"rendered":"\n<figure class=\"wp-block-table\"><table class=\"has-fixed-layout mtr-table mtr-tr-td\">\n<tbody>\n<tr>\n  <td data-mtr-content=\"\u20acuro \/ Tag\" class=\"mtr-td-tag\"><div class=\"mtr-cell-content\"><strong>\u20acuro \/ Tag<\/strong><\/div><\/td>\n<td data-mtr-content=\"17.04. \u2013 29.04.\" class=\"mtr-td-tag\"><div class=\"mtr-cell-content\"><strong>17.04. \u2013 29.04.<\/strong><\/div><\/td>\n  <td data-mtr-content=\"30.04. \u2013 14.05.04.09. \u2013 30.09.\" class=\"mtr-td-tag\"><div class=\"mtr-cell-content\"><strong>30.04. \u2013 14.05.<\/strong><br><strong>04.09. \u2013 30.09.<\/strong><\/div><\/td>\n  <td data-mtr-content=\"15.05. \u2013 21.05.28.08. \u2013 03.09.\" class=\"mtr-td-tag\"><div class=\"mtr-cell-content\"><strong>15.05. \u2013 21.05.<\/strong><br><strong>28.08. \u2013 03.09.<\/strong><\/div><\/td>\n  <td data-mtr-content=\"22.05. \u2013 09.07.16.08. \u2013 27.08.\" class=\"mtr-td-tag\"><div class=\"mtr-cell-content\"><strong>22.05. \u2013 09.07.<\/strong><br><strong>16.08. \u2013 27.08.<\/strong><\/div><\/td>\n  <td data-mtr-content=\"10.07. \u2013 15.08.\" class=\"mtr-td-tag\"><div class=\"mtr-cell-content\"><strong>10.07. \u2013 15.08.<\/strong><\/div><\/td>\n<\/tr>\n\n<tr>\n  <td data-mtr-content=\"\u20acuro \/ Tag\" class=\"mtr-td-tag\"><div class=\"mtr-cell-content\">ERWACHSENE<\/div><\/td>\n  <td data-mtr-content=\"17.04. \u2013 29.04.\" class=\"mtr-td-tag\"><div class=\"mtr-cell-content\">5,70 \u20ac<\/div><\/td><td data-mtr-content=\"30.04. \u2013 14.05.04.09. \u2013 30.09.\" class=\"mtr-td-tag\"><div class=\"mtr-cell-content\">7,20 \u20ac<\/div><\/td><td data-mtr-content=\"15.05. \u2013 21.05.28.08. \u2013 03.09.\" class=\"mtr-td-tag\"><div class=\"mtr-cell-content\">9,20 \u20ac<\/div><\/td><td data-mtr-content=\"22.05. \u2013 09.07.16.08. \u2013 27.08.\" class=\"mtr-td-tag\"><div class=\"mtr-cell-content\">11,50 \u20ac<\/div><\/td><td data-mtr-content=\"10.07. \u2013 15.08.\" class=\"mtr-td-tag\"><div class=\"mtr-cell-content\">11,80 \u20ac<\/div><\/td>\n<\/tr>\n\n<tr>\n  <td data-mtr-content=\"\u20acuro \/ Tag\" class=\"mtr-td-tag\"><div class=\"mtr-cell-content\">KINDER 0 \u2013 6,99 JAHRE<\/div><\/td>\n  <td data-mtr-content=\"17.04. \u2013 29.04.\" class=\"mtr-td-tag\"><div class=\"mtr-cell-content\">0,00 \u20ac<\/div><\/td><td data-mtr-content=\"30.04. \u2013 14.05.04.09. \u2013 30.09.\" class=\"mtr-td-tag\"><div class=\"mtr-cell-content\">0,00 \u20ac<\/div><\/td><td data-mtr-content=\"15.05. \u2013 21.05.28.08. \u2013 03.09.\" class=\"mtr-td-tag\"><div class=\"mtr-cell-content\">0,00 \u20ac<\/div><\/td><td data-mtr-content=\"22.05. \u2013 09.07.16.08. \u2013 27.08.\" class=\"mtr-td-tag\"><div class=\"mtr-cell-content\">0,00 \u20ac<\/div><\/td><td data-mtr-content=\"10.07. \u2013 15.08.\" class=\"mtr-td-tag\"><div class=\"mtr-cell-content\">0,00 \u20ac<\/div><\/td>\n<\/tr>\n\n<tr>\n  <td data-mtr-content=\"\u20acuro \/ Tag\" class=\"mtr-td-tag\"><div class=\"mtr-cell-content\">KINDER 7 \u2013 11,99 JAHRE<\/div><\/td>\n  <td data-mtr-content=\"17.04. \u2013 29.04.\" class=\"mtr-td-tag\"><div class=\"mtr-cell-content\">2,65 \u20ac<\/div><\/td><td data-mtr-content=\"30.04. \u2013 14.05.04.09. \u2013 30.09.\" class=\"mtr-td-tag\"><div class=\"mtr-cell-content\">3,80 \u20ac<\/div><\/td><td data-mtr-content=\"15.05. \u2013 21.05.28.08. \u2013 03.09.\" class=\"mtr-td-tag\"><div class=\"mtr-cell-content\">5,70 \u20ac<\/div><\/td><td data-mtr-content=\"22.05. \u2013 09.07.16.08. \u2013 27.08.\" class=\"mtr-td-tag\"><div class=\"mtr-cell-content\">7,00 \u20ac<\/div><\/td><td data-mtr-content=\"10.07. \u2013 15.08.\" class=\"mtr-td-tag\"><div class=\"mtr-cell-content\">7,20 \u20ac<\/div><\/td>\n<\/tr>\n\n<tr>\n  <td data-mtr-content=\"\u20acuro \/ Tag\" class=\"mtr-td-tag\"><div class=\"mtr-cell-content\">STELLPLATZ COMFORT<\/div><\/td>\n  <td data-mtr-content=\"17.04. \u2013 29.04.\" class=\"mtr-td-tag\"><div class=\"mtr-cell-content\">18,40 \u20ac<\/div><\/td><td data-mtr-content=\"30.04. \u2013 14.05.04.09. \u2013 30.09.\" class=\"mtr-td-tag\"><div class=\"mtr-cell-content\">23,50 \u20ac<\/div><\/td><td data-mtr-content=\"15.05. \u2013 21.05.28.08. \u2013 03.09.\" class=\"mtr-td-tag\"><div class=\"mtr-cell-content\">28,50 \u20ac<\/div><\/td><td data-mtr-content=\"22.05. \u2013 09.07.16.08. \u2013 27.08.\" class=\"mtr-td-tag\"><div class=\"mtr-cell-content\">33,80 \u20ac<\/div><\/td><td data-mtr-content=\"10.07. \u2013 15.08.\" class=\"mtr-td-tag\"><div class=\"mtr-cell-content\">35,00 \u20ac<\/div><\/td>\n<\/tr>\n\n<tr>\n  <td data-mtr-content=\"\u20acuro \/ Tag\" class=\"mtr-td-tag\"><div class=\"mtr-cell-content\">STELLPLATZ STANDARD<\/div><\/td>\n  <td data-mtr-content=\"17.04. \u2013 29.04.\" class=\"mtr-td-tag\"><div class=\"mtr-cell-content\">15,90 \u20ac<\/div><\/td><td data-mtr-content=\"30.04. \u2013 14.05.04.09. \u2013 30.09.\" class=\"mtr-td-tag\"><div class=\"mtr-cell-content\">19,60 \u20ac<\/div><\/td><td data-mtr-content=\"15.05. \u2013 21.05.28.08. \u2013 03.09.\" class=\"mtr-td-tag\"><div class=\"mtr-cell-content\">23,90 \u20ac<\/div><\/td><td data-mtr-content=\"22.05. \u2013 09.07.16.08. \u2013 27.08.\" class=\"mtr-td-tag\"><div class=\"mtr-cell-content\">26,50 \u20ac<\/div><\/td><td data-mtr-content=\"10.07. \u2013 15.08.\" class=\"mtr-td-tag\"><div class=\"mtr-cell-content\">27,50 \u20ac<\/div><\/td>\n<\/tr>\n\n<tr>\n  <td data-mtr-content=\"\u20acuro \/ Tag\" class=\"mtr-td-tag\"><div class=\"mtr-cell-content\">STELLPLATZ MIT STROM<\/div><\/td>\n  <td data-mtr-content=\"17.04. \u2013 29.04.\" class=\"mtr-td-tag\"><div class=\"mtr-cell-content\">14,20 \u20ac<\/div><\/td><td data-mtr-content=\"30.04. \u2013 14.05.04.09. \u2013 30.09.\" class=\"mtr-td-tag\"><div class=\"mtr-cell-content\">17,70 \u20ac<\/div><\/td><td data-mtr-content=\"15.05. \u2013 21.05.28.08. \u2013 03.09.\" class=\"mtr-td-tag\"><div class=\"mtr-cell-content\">20,10 \u20ac<\/div><\/td><td data-mtr-content=\"22.05. \u2013 09.07.16.08. \u2013 27.08.\" class=\"mtr-td-tag\"><div class=\"mtr-cell-content\">24,20 \u20ac<\/div><\/td><td data-mtr-content=\"10.07. \u2013 15.08.\" class=\"mtr-td-tag\"><div class=\"mtr-cell-content\">25,20 \u20ac<\/div><\/td>\n<\/tr>\n\n<tr>\n  <td data-mtr-content=\"\u20acuro \/ Tag\" class=\"mtr-td-tag\"><div class=\"mtr-cell-content\">STELLPLATZ OHNE STROM<\/div><\/td>\n  <td data-mtr-content=\"17.04. \u2013 29.04.\" class=\"mtr-td-tag\"><div class=\"mtr-cell-content\">10,10 \u20ac<\/div><\/td><td data-mtr-content=\"30.04. \u2013 14.05.04.09. \u2013 30.09.\" class=\"mtr-td-tag\"><div class=\"mtr-cell-content\">12,80 \u20ac<\/div><\/td><td data-mtr-content=\"15.05. \u2013 21.05.28.08. \u2013 03.09.\" class=\"mtr-td-tag\"><div class=\"mtr-cell-content\">15,70 \u20ac<\/div><\/td><td data-mtr-content=\"22.05. \u2013 09.07.16.08. \u2013 27.08.\" class=\"mtr-td-tag\"><div class=\"mtr-cell-content\">19,40 \u20ac<\/div><\/td><td data-mtr-content=\"10.07. \u2013 15.08.\" class=\"mtr-td-tag\"><div class=\"mtr-cell-content\">20,00 \u20ac<\/div><\/td>\n<\/tr>\n\n<tr>\n  <td data-mtr-content=\"\u20acuro \/ Tag\" class=\"mtr-td-tag\"><div class=\"mtr-cell-content\">ZELT ODER AUTO EXTRA<\/div><\/td>\n  <td data-mtr-content=\"17.04. \u2013 29.04.\" class=\"mtr-td-tag\"><div class=\"mtr-cell-content\">3,30 \u20ac<\/div><\/td><td data-mtr-content=\"30.04. \u2013 14.05.04.09. \u2013 30.09.\" class=\"mtr-td-tag\"><div class=\"mtr-cell-content\">4,50 \u20ac<\/div><\/td><td data-mtr-content=\"15.05. \u2013 21.05.28.08. \u2013 03.09.\" class=\"mtr-td-tag\"><div class=\"mtr-cell-content\">5,80 \u20ac<\/div><\/td><td data-mtr-content=\"22.05. \u2013 09.07.16.08. \u2013 27.08.\" class=\"mtr-td-tag\"><div class=\"mtr-cell-content\">7,00 \u20ac<\/div><\/td><td data-mtr-content=\"10.07. \u2013 15.08.\" class=\"mtr-td-tag\"><div class=\"mtr-cell-content\">7,30 \u20ac<\/div><\/td>\n<\/tr>\n\n<tr>\n  <td data-mtr-content=\"\u20acuro \/ Tag\" class=\"mtr-td-tag\"><div class=\"mtr-cell-content\">MOTORRAD EXTRA<\/div><\/td>\n  <td data-mtr-content=\"17.04. \u2013 29.04.\" class=\"mtr-td-tag\"><div class=\"mtr-cell-content\">2,70 \u20ac<\/div><\/td><td data-mtr-content=\"30.04. \u2013 14.05.04.09. \u2013 30.09.\" class=\"mtr-td-tag\"><div class=\"mtr-cell-content\">3,90 \u20ac<\/div><\/td><td data-mtr-content=\"15.05. \u2013 21.05.28.08. \u2013 03.09.\" class=\"mtr-td-tag\"><div class=\"mtr-cell-content\">5,20 \u20ac<\/div><\/td><td data-mtr-content=\"22.05. \u2013 09.07.16.08. \u2013 27.08.\" class=\"mtr-td-tag\"><div class=\"mtr-cell-content\">6,50 \u20ac<\/div><\/td><td data-mtr-content=\"10.07. \u2013 15.08.\" class=\"mtr-td-tag\"><div class=\"mtr-cell-content\">7,00 \u20ac<\/div><\/td>\n<\/tr>\n\n<tr>\n  <td data-mtr-content=\"\u20acuro \/ Tag\" class=\"mtr-td-tag\"><div class=\"mtr-cell-content\">PARKPLATZ \u2013 BOOTSANH\u00c4NGER ODER AUTO<\/div><\/td>\n  <td data-mtr-content=\"17.04. \u2013 29.04.\" class=\"mtr-td-tag\"><div class=\"mtr-cell-content\">9,00 \u20ac<\/div><\/td><td data-mtr-content=\"30.04. \u2013 14.05.04.09. \u2013 30.09.\" class=\"mtr-td-tag\"><div class=\"mtr-cell-content\">9,00 \u20ac<\/div><\/td><td data-mtr-content=\"15.05. \u2013 21.05.28.08. \u2013 03.09.\" class=\"mtr-td-tag\"><div class=\"mtr-cell-content\">9,00 \u20ac<\/div><\/td><td data-mtr-content=\"22.05. \u2013 09.07.16.08. \u2013 27.08.\" class=\"mtr-td-tag\"><div class=\"mtr-cell-content\">9,00 \u20ac<\/div><\/td><td data-mtr-content=\"10.07. \u2013 15.08.\" class=\"mtr-td-tag\"><div class=\"mtr-cell-content\">9,50 \u20ac<\/div><\/td>\n<\/tr>\n\n<tr>\n  <td data-mtr-content=\"\u20acuro \/ Tag\" class=\"mtr-td-tag\"><div class=\"mtr-cell-content\">HUND<\/div><\/td>\n  <td data-mtr-content=\"17.04. \u2013 29.04.\" class=\"mtr-td-tag\"><div class=\"mtr-cell-content\">6,50 \u20ac<\/div><\/td><td data-mtr-content=\"30.04. \u2013 14.05.04.09. \u2013 30.09.\" class=\"mtr-td-tag\"><div class=\"mtr-cell-content\">6,50 \u20ac<\/div><\/td><td data-mtr-content=\"15.05. \u2013 21.05.28.08. \u2013 03.09.\" class=\"mtr-td-tag\"><div class=\"mtr-cell-content\">7,00 \u20ac<\/div><\/td><td data-mtr-content=\"22.05. \u2013 09.07.16.08. \u2013 27.08.\" class=\"mtr-td-tag\"><div class=\"mtr-cell-content\">7,00 \u20ac<\/div><\/td><td data-mtr-content=\"10.07. \u2013 15.08.\" class=\"mtr-td-tag\"><div class=\"mtr-cell-content\">7,00 \u20ac<\/div><\/td>\n<\/tr>\n\n<tr>\n  <td data-mtr-content=\"\u20acuro \/ Tag\" class=\"mtr-td-tag\"><div class=\"mtr-cell-content\">SAFE \u2013 SCHLIE\u00dfFACH<\/div><\/td>\n  <td data-mtr-content=\"17.04. \u2013 29.04.\" class=\"mtr-td-tag\"><div class=\"mtr-cell-content\">3,40 \u20ac<\/div><\/td><td data-mtr-content=\"30.04. \u2013 14.05.04.09. \u2013 30.09.\" class=\"mtr-td-tag\"><div class=\"mtr-cell-content\"><\/div><\/td><td data-mtr-content=\"15.05. \u2013 21.05.28.08. \u2013 03.09.\" class=\"mtr-td-tag\"><div class=\"mtr-cell-content\"><\/div><\/td><td data-mtr-content=\"22.05. \u2013 09.07.16.08. \u2013 27.08.\" class=\"mtr-td-tag\"><div class=\"mtr-cell-content\"><\/div><\/td><td data-mtr-content=\"10.07. \u2013 15.08.\" class=\"mtr-td-tag\"><div class=\"mtr-cell-content\"><\/div><\/td>\n<\/tr>\n\n<\/tbody>\n<\/table><\/figure>\n\n\n\n<figure class=\"wp-block-table\"><table class=\"has-fixed-layout mtr-table mtr-tr-td\">\n<tbody>\n<tr>\n  <td data-mtr-content=\"KURTAXE\" class=\"mtr-td-tag\"><div class=\"mtr-cell-content\"><strong>KURTAXE<\/strong><\/div><\/td>\n  <td data-mtr-content=\"01.04.\u201330.09.\" class=\"mtr-td-tag\"><div class=\"mtr-cell-content\"><strong>01.04.\u201330.09.<\/strong><\/div><\/td>\n  <td data-mtr-content=\"01.10.\u201331.03.\" class=\"mtr-td-tag\"><div class=\"mtr-cell-content\"><strong>01.10.\u201331.03.<\/strong><\/div><\/td>\n<\/tr>\n\n<tr>\n  <td data-mtr-content=\"KURTAXE\" class=\"mtr-td-tag\"><div class=\"mtr-cell-content\">Person 18+<\/div><\/td>\n  <td data-mtr-content=\"01.04.\u201330.09.\" class=\"mtr-td-tag\"><div class=\"mtr-cell-content\">1,95 \u20ac<\/div><\/td>\n  <td data-mtr-content=\"01.10.\u201331.03.\" class=\"mtr-td-tag\"><div class=\"mtr-cell-content\">1,30 \u20ac<\/div><\/td>\n<\/tr>\n\n<tr>\n  <td data-mtr-content=\"KURTAXE\" class=\"mtr-td-tag\"><div class=\"mtr-cell-content\">Person 12 \u2013 17,99<\/div><\/td>\n  <td data-mtr-content=\"01.04.\u201330.09.\" class=\"mtr-td-tag\"><div class=\"mtr-cell-content\">0,98 \u20ac<\/div><\/td>\n  <td data-mtr-content=\"01.10.\u201331.03.\" class=\"mtr-td-tag\"><div class=\"mtr-cell-content\">0,65 \u20ac<\/div><\/td>\n<\/tr>\n\n<\/tbody>\n<\/table><\/figure>\n\n\n\n<ul class=\"wp-block-list\">\n  <li>Der Tagespreis f\u00fcr den Stellplatz beinhaltet: einen Wohnwagen\/Zelt + Auto\/Motorrad oder ein Wohnmobil\/Minivan.<\/li>\n  <li>Derzeit verf\u00fcgbare Tagespreise k\u00f6nnen sich \u00e4ndern.<\/li>\n  <li>Mitglieder von HAK, CCI, ADAC, ANWB, ACSI, Avtokampi.si erhalten 10% Rabatt auf den Personenpreis bei einem Mindestaufenthalt von 3 N\u00e4chten. Es kann nur ein Rabatt genutzt werden. Die Mitgliedskarte muss bei der Ankunft vorgelegt werden; nachtr\u00e4gliche \u00c4nderungen sind nicht m\u00f6glich.<\/li>\n  <li>Die Geb\u00fchr f\u00fcr ein leeres Zelt oder einen Wohnwagen im Camp betr\u00e4gt 60,00 \u20ac. Die Sommerpauschale f\u00fcr einen Bootanh\u00e4nger auf dem Parkplatz betr\u00e4gt 400,00 \u20ac.<\/li>\n<\/ul>\n","protected":false},"excerpt":{"rendered":"<p>\u20acuro \/ Tag 17.04. \u2013 29.04. 30.04. \u2013 14.05.04.09. \u2013 30.09. 15.05. \u2013 21.05.28.08. \u2013 03.09. 22.05. \u2013 09.07.16.08. \u2013 27.08. 10.07. \u2013 15.08. ERWACHSENE 5,70 \u20ac 7,20 \u20ac 9,20 \u20ac 11,50 \u20ac 11,80 \u20ac KINDER 0 \u2013 6,99 JAHRE 0,00 \u20ac 0,00 \u20ac 0,00 \u20ac 0,00 \u20ac 0,00 \u20ac KINDER 7 \u2013 11,99 JAHRE [&hellip;]<\/p>\n","protected":false},"author":1,"featured_media":0,"parent":2760,"menu_order":14,"comment_status":"closed","ping_status":"closed","template":"","meta":{"slim_seo":{"title":"Camping Pila - Preisliste - Camping Punat - Managed by Falkensteiner","description":"\u20acuro \/ Tag 17.04. - 29.04. 30.04. - 14.05. 04.09. - 30.09. 15.05. - 21.05. 28.08. - 03.09. 22.05. - 09.07. 16.08. - 27.08. 10.07. \u2013 15.08. ERWACHSENE 5,70 \u20ac 7,2"},"footnotes":""},"class_list":["post-2878","page","type-page","status-publish","hentry"],"acpt":null,"_links":{"self":[{"href":"https:\/\/campingpunat.com\/de\/wp-json\/wp\/v2\/pages\/2878","targetHints":{"allow":["GET"]}}],"collection":[{"href":"https:\/\/campingpunat.com\/de\/wp-json\/wp\/v2\/pages"}],"about":[{"href":"https:\/\/campingpunat.com\/de\/wp-json\/wp\/v2\/types\/page"}],"author":[{"embeddable":true,"href":"https:\/\/campingpunat.com\/de\/wp-json\/wp\/v2\/users\/1"}],"replies":[{"embeddable":true,"href":"https:\/\/campingpunat.com\/de\/wp-json\/wp\/v2\/comments?post=2878"}],"version-history":[{"count":2,"href":"https:\/\/campingpunat.com\/de\/wp-json\/wp\/v2\/pages\/2878\/revisions"}],"predecessor-version":[{"id":3209,"href":"https:\/\/campingpunat.com\/de\/wp-json\/wp\/v2\/pages\/2878\/revisions\/3209"}],"up":[{"embeddable":true,"href":"https:\/\/campingpunat.com\/de\/wp-json\/wp\/v2\/pages\/2760"}],"wp:attachment":[{"href":"https:\/\/campingpunat.com\/de\/wp-json\/wp\/v2\/media?parent=2878"}],"curies":[{"name":"wp","href":"https:\/\/api.w.org\/{rel}","templated":true}]}}