{"id":2869,"date":"2025-02-20T14:52:14","date_gmt":"2025-02-20T13:52:14","guid":{"rendered":"https:\/\/campingpunat.com\/sanitaerbereich-camping-konobe\/"},"modified":"2025-03-20T14:13:01","modified_gmt":"2025-03-20T13:13:01","slug":"sanitaerbereich-camping-konobe","status":"publish","type":"page","link":"https:\/\/campingpunat.com\/de\/fkk-campingplatz-konobe\/sanitaerbereich-camping-konobe\/","title":{"rendered":"Sanit\u00e4rbereich Camping Konobe"},"content":{"rendered":"","protected":false},"excerpt":{"rendered":"","protected":false},"author":1,"featured_media":0,"parent":2882,"menu_order":39,"comment_status":"closed","ping_status":"closed","template":"","meta":{"slim_seo":{"title":"Sanit\u00e4rbereich Camping Konobe - Camping Punat - Managed by Falkensteiner","description":"Sanit\u00e4re Anlagen Naturist Camping Konobe Auf dem Campingplatz gibt es zwei gro\u00dfe und eine kleinere Sanit\u00e4ranlage mit allen notwendigen Hygieneger\u00e4ten. Solarener"},"footnotes":""},"class_list":["post-2869","page","type-page","status-publish","hentry"],"acpt":null,"_links":{"self":[{"href":"https:\/\/campingpunat.com\/de\/wp-json\/wp\/v2\/pages\/2869","targetHints":{"allow":["GET"]}}],"collection":[{"href":"https:\/\/campingpunat.com\/de\/wp-json\/wp\/v2\/pages"}],"about":[{"href":"https:\/\/campingpunat.com\/de\/wp-json\/wp\/v2\/types\/page"}],"author":[{"embeddable":true,"href":"https:\/\/campingpunat.com\/de\/wp-json\/wp\/v2\/users\/1"}],"replies":[{"embeddable":true,"href":"https:\/\/campingpunat.com\/de\/wp-json\/wp\/v2\/comments?post=2869"}],"version-history":[{"count":0,"href":"https:\/\/campingpunat.com\/de\/wp-json\/wp\/v2\/pages\/2869\/revisions"}],"up":[{"embeddable":true,"href":"https:\/\/campingpunat.com\/de\/wp-json\/wp\/v2\/pages\/2882"}],"wp:attachment":[{"href":"https:\/\/campingpunat.com\/de\/wp-json\/wp\/v2\/media?parent=2869"}],"curies":[{"name":"wp","href":"https:\/\/api.w.org\/{rel}","templated":true}]}}